{"id":1989,"date":"2020-05-27T14:30:01","date_gmt":"2020-05-27T12:30:01","guid":{"rendered":"https:\/\/weingut-ehrhart.de\/?page_id=1989"},"modified":"2025-08-27T18:03:38","modified_gmt":"2025-08-27T16:03:38","slug":"gutsweine","status":"publish","type":"page","link":"https:\/\/weingut-ehrhart.de\/en\/gutsweine\/","title":{"rendered":"Gutsweine"},"content":{"rendered":"<p>[vc_row][vc_column]<div class=\"sc_section section_style_underline aligncenter\"><div class=\"sc_section_inner\"><h6 class=\"sc_section_subtitle sc_item_subtitle\">UNSERE WEINE<\/h6><h3 class=\"sc_section_title sc_item_title\">Gutsweine<\/h3><div class=\"sc_section_descr sc_item_descr\">Unkomplizierte, jugendliche Weine mit sofortiger Trinkreife.<\/div><div class=\"sc_section_content_wrap\"><\/div><\/div><\/div>[\/vc_column][\/vc_row][vc_row][vc_column]<div class=\"sc_accordion margin_top_tiny margin_bottom_tiny\" data-active=\"0\"><div id=\"sc_accordion_item_1517086526618_1\" class=\"sc_accordion_item odd first\"><h5 class=\"sc_accordion_title\"><span class=\"sc_accordion_icon sc_accordion_icon_closed icon-right\"><\/span><span class=\"sc_accordion_icon sc_accordion_icon_opened icon-down\"><\/span>Nr. 01 - 2024 Pinot Meunier Ros\u00e9 trocken<\/h5><div class=\"sc_accordion_content\">[vc_column_text]<img loading=\"lazy\" class=\"wp-image-3264 size-medium alignleft\" src=\"https:\/\/weingut-ehrhart.de\/wp-content\/uploads\/2025\/03\/1_Pinot-Meunier-2-119x300.png\" alt=\"\" width=\"119\" height=\"300\" srcset=\"https:\/\/weingut-ehrhart.de\/wp-content\/uploads\/2025\/03\/1_Pinot-Meunier-2-119x300.png 119w, https:\/\/weingut-ehrhart.de\/wp-content\/uploads\/2025\/03\/1_Pinot-Meunier-2.png 397w\" sizes=\"(max-width: 119px) 100vw, 119px\" \/><\/p>\n<p>Ein selterner Ros\u00e9 aus Pinot Meunier gekeltert. Fruchtig und unkomplizierter zu trinken.<\/p>\n<p><a href=\"https:\/\/weingut-ehrhart.de\/wp-content\/uploads\/2025\/02\/01-Expertise-2024-Pinot-Meunier-Rose.pdf\">Laden Sie unsere Weinexpertise hier<\/a><\/p>\n<p><a href=\"https:\/\/weingut-ehrhart.de\/wp-content\/uploads\/2020\/11\/Weinliste_2026-01.pdf\">Preisliste herunterladen<\/a><\/p>\n<p>Biowein \/ Deutscher Qualit\u00e4tswein \/ 11,5 % vol. \/ Enth\u00e4lt Sulfite[\/vc_column_text]<\/div><\/div><div id=\"sc_accordion_item_1517086526618_1\" class=\"sc_accordion_item even\"><h5 class=\"sc_accordion_title\"><span class=\"sc_accordion_icon sc_accordion_icon_closed icon-right\"><\/span><span class=\"sc_accordion_icon sc_accordion_icon_opened icon-down\"><\/span>Nr. 02 - 2024 Grauburgunder trocken<\/h5><div class=\"sc_accordion_content\">[vc_column_text]<img loading=\"lazy\" class=\"alignleft size-medium wp-image-2275\" src=\"https:\/\/weingut-ehrhart.de\/wp-content\/uploads\/2021\/03\/02_Grauburgunder_trocken-300x300.png\" alt=\"\" width=\"300\" height=\"300\" srcset=\"https:\/\/weingut-ehrhart.de\/wp-content\/uploads\/2021\/03\/02_Grauburgunder_trocken-300x300.png 300w, https:\/\/weingut-ehrhart.de\/wp-content\/uploads\/2021\/03\/02_Grauburgunder_trocken-150x150.png 150w, https:\/\/weingut-ehrhart.de\/wp-content\/uploads\/2021\/03\/02_Grauburgunder_trocken-768x768.png 768w, https:\/\/weingut-ehrhart.de\/wp-content\/uploads\/2021\/03\/02_Grauburgunder_trocken.png 1000w\" sizes=\"(max-width: 300px) 100vw, 300px\" \/><\/p>\n<p>&nbsp;<\/p>\n<p>Der fruchtige und gef\u00e4llige Alltagswein: sortentypische Frucht nach Birne, reifem Apfel und etwas Ananas mit dezenter S\u00e4ure.<\/p>\n<p><a href=\"https:\/\/weingut-ehrhart.de\/wp-content\/uploads\/2025\/02\/02-Expertise-2024-Grauburgunder.pdf\">Laden Sie unsere Weinexpertise hier<\/a><\/p>\n<p>Biowein \/ Deutscher Qualit\u00e4tswein \/ 12 % vol. \/ Enth\u00e4lt Sulfite[\/vc_column_text]<\/div><\/div><div id=\"sc_accordion_item_1517086526618_1\" class=\"sc_accordion_item odd\"><h5 class=\"sc_accordion_title\"><span class=\"sc_accordion_icon sc_accordion_icon_closed icon-right\"><\/span><span class=\"sc_accordion_icon sc_accordion_icon_opened icon-down\"><\/span>Nr. 03 - 2024 Wei\u00dfburgunder trocken<\/h5><div class=\"sc_accordion_content\">[vc_column_text]<img loading=\"lazy\" class=\"alignleft size-medium wp-image-2276\" src=\"https:\/\/weingut-ehrhart.de\/wp-content\/uploads\/2021\/03\/03_Weissburgunder_trocken-300x300.png\" alt=\"\" width=\"300\" height=\"300\" srcset=\"https:\/\/weingut-ehrhart.de\/wp-content\/uploads\/2021\/03\/03_Weissburgunder_trocken-300x300.png 300w, https:\/\/weingut-ehrhart.de\/wp-content\/uploads\/2021\/03\/03_Weissburgunder_trocken-150x150.png 150w, https:\/\/weingut-ehrhart.de\/wp-content\/uploads\/2021\/03\/03_Weissburgunder_trocken-768x768.png 768w, https:\/\/weingut-ehrhart.de\/wp-content\/uploads\/2021\/03\/03_Weissburgunder_trocken.png 1000w\" sizes=\"(max-width: 300px) 100vw, 300px\" \/><\/p>\n<p>&nbsp;<\/p>\n<p>Typisch nach Ananas und Aprikose duftend, ist er ein filigran ausgebauter Vertreter seiner Rebsorte mit gut eingebundener S\u00e4ure.<\/p>\n<p><a href=\"https:\/\/weingut-ehrhart.de\/03-2022-weissburgunder-gutswein\/\">Laden Sie unsere Weinexpertise hier<\/a><\/p>\n<p>Biowein \/ Deutscher Qualit\u00e4tswein \/ 12,0 % vol. \/ Enth\u00e4lt Sulfite[\/vc_column_text]<\/div><\/div><div class=\"sc_accordion_item even\"><h5 class=\"sc_accordion_title\"><span class=\"sc_accordion_icon sc_accordion_icon_closed icon-right\"><\/span><span class=\"sc_accordion_icon sc_accordion_icon_opened icon-down\"><\/span>Nr. 04 - 2024 Blanc de Noir trocken<\/h5><div class=\"sc_accordion_content\">[vc_column_text]<img loading=\"lazy\" class=\"alignleft wp-image-2277 size-medium\" src=\"https:\/\/weingut-ehrhart.de\/wp-content\/uploads\/2021\/03\/04_Blanc-de-Noir_trocken-300x300.png\" alt=\"\" width=\"300\" height=\"300\" srcset=\"https:\/\/weingut-ehrhart.de\/wp-content\/uploads\/2021\/03\/04_Blanc-de-Noir_trocken-300x300.png 300w, https:\/\/weingut-ehrhart.de\/wp-content\/uploads\/2021\/03\/04_Blanc-de-Noir_trocken-150x150.png 150w, https:\/\/weingut-ehrhart.de\/wp-content\/uploads\/2021\/03\/04_Blanc-de-Noir_trocken-768x768.png 768w, https:\/\/weingut-ehrhart.de\/wp-content\/uploads\/2021\/03\/04_Blanc-de-Noir_trocken.png 1000w\" sizes=\"(max-width: 300px) 100vw, 300px\" \/><\/p>\n<p>&nbsp;<\/p>\n<p>herrlicher Blanc de Noir aus Sp\u00e4tburgunder.<\/p>\n<p><a href=\"https:\/\/weingut-ehrhart.de\/04-2023-blanc-de-noir-gutswein\/\">Laden Sie unsere Weinexpertise hier<\/a><\/p>\n<p>Biowein \/ Deutscher Qualit\u00e4tswein \/ 12 % vol. \/ Enth\u00e4lt Sulfite[\/vc_column_text]<\/div><\/div><div class=\"sc_accordion_item odd\"><h5 class=\"sc_accordion_title\"><span class=\"sc_accordion_icon sc_accordion_icon_closed icon-right\"><\/span><span class=\"sc_accordion_icon sc_accordion_icon_opened icon-down\"><\/span>Nr. 05 - 2024 Gelber Muskateller trocken<\/h5><div class=\"sc_accordion_content\">[vc_column_text]<img loading=\"lazy\" class=\"alignleft size-medium wp-image-2278\" src=\"https:\/\/weingut-ehrhart.de\/wp-content\/uploads\/2021\/03\/05_Gelber-Muskateller_trocken-300x300.png\" alt=\"\" width=\"300\" height=\"300\" srcset=\"https:\/\/weingut-ehrhart.de\/wp-content\/uploads\/2021\/03\/05_Gelber-Muskateller_trocken-300x300.png 300w, https:\/\/weingut-ehrhart.de\/wp-content\/uploads\/2021\/03\/05_Gelber-Muskateller_trocken-150x150.png 150w, https:\/\/weingut-ehrhart.de\/wp-content\/uploads\/2021\/03\/05_Gelber-Muskateller_trocken-768x768.png 768w, https:\/\/weingut-ehrhart.de\/wp-content\/uploads\/2021\/03\/05_Gelber-Muskateller_trocken.png 1000w\" sizes=\"(max-width: 300px) 100vw, 300px\" \/><\/p>\n<p>&nbsp;<\/p>\n<p>Ein leichtf\u00fc\u00dfiger Wein mit blumigen Duft, gepaart mit frischen, gelbfruchtigen Aromen und den typischen Muskat-Aromen.<\/p>\n<p><a href=\"https:\/\/weingut-ehrhart.de\/wp-content\/uploads\/2025\/02\/05-Expertise-2024-Gelber-Muskateller.pdf\">Laden Sie unsere Weinexpertise hier<\/a><\/p>\n<p>Biowein \/ Deutscher Qualit\u00e4tswein \/ 12 % vol. \/ Enth\u00e4lt Sulfite[\/vc_column_text]<\/div><\/div><div id=\"sc_accordion_item_1517086526618_1\" class=\"sc_accordion_item even\"><h5 class=\"sc_accordion_title\"><span class=\"sc_accordion_icon sc_accordion_icon_closed icon-right\"><\/span><span class=\"sc_accordion_icon sc_accordion_icon_opened icon-down\"><\/span>Nr. 06 - 2024 Sauvignon Blanc trocken<\/h5><div class=\"sc_accordion_content\">[vc_column_text]<img loading=\"lazy\" class=\"alignleft size-medium wp-image-2279\" src=\"https:\/\/weingut-ehrhart.de\/wp-content\/uploads\/2021\/03\/06_Sauvignon-Blanc_trocken-300x300.png\" alt=\"\" width=\"300\" height=\"300\" srcset=\"https:\/\/weingut-ehrhart.de\/wp-content\/uploads\/2021\/03\/06_Sauvignon-Blanc_trocken-300x300.png 300w, https:\/\/weingut-ehrhart.de\/wp-content\/uploads\/2021\/03\/06_Sauvignon-Blanc_trocken-150x150.png 150w, https:\/\/weingut-ehrhart.de\/wp-content\/uploads\/2021\/03\/06_Sauvignon-Blanc_trocken-768x768.png 768w, https:\/\/weingut-ehrhart.de\/wp-content\/uploads\/2021\/03\/06_Sauvignon-Blanc_trocken.png 1000w\" sizes=\"(max-width: 300px) 100vw, 300px\" \/><\/p>\n<p>&nbsp;<\/p>\n<p>Ein Sauvignon mit typischer, exotischer Frucht nach Stachelbeere, etwas Paprika und tropischer Maracuja.<\/p>\n<p><a href=\"https:\/\/weingut-ehrhart.de\/wp-content\/uploads\/2025\/02\/06-Expertise-2024-Sauvignon-Blanc.pdf\">Laden Sie unsere Weinexpertise hier<\/a><\/p>\n<p>Biowein \/ Deutscher Qualit\u00e4tswein \/ 12 % vol. \/ Enth\u00e4lt Sulfite[\/vc_column_text]<\/div><\/div><div class=\"sc_accordion_item odd\"><h5 class=\"sc_accordion_title\"><span class=\"sc_accordion_icon sc_accordion_icon_closed icon-right\"><\/span><span class=\"sc_accordion_icon sc_accordion_icon_opened icon-down\"><\/span>Nr. 07 - 2024 Inspiration Sommer Wei\u00dfweincuv\u00e9e<\/h5><div class=\"sc_accordion_content\">[vc_column_text]<img loading=\"lazy\" class=\"alignleft size-medium wp-image-2282\" src=\"https:\/\/weingut-ehrhart.de\/wp-content\/uploads\/2021\/03\/08_Inspiration-Sommer_halbtrocken-300x300.png\" alt=\"\" width=\"300\" height=\"300\" srcset=\"https:\/\/weingut-ehrhart.de\/wp-content\/uploads\/2021\/03\/08_Inspiration-Sommer_halbtrocken-300x300.png 300w, https:\/\/weingut-ehrhart.de\/wp-content\/uploads\/2021\/03\/08_Inspiration-Sommer_halbtrocken-150x150.png 150w, https:\/\/weingut-ehrhart.de\/wp-content\/uploads\/2021\/03\/08_Inspiration-Sommer_halbtrocken-768x768.png 768w, https:\/\/weingut-ehrhart.de\/wp-content\/uploads\/2021\/03\/08_Inspiration-Sommer_halbtrocken.png 1000w\" sizes=\"(max-width: 300px) 100vw, 300px\" \/><\/p>\n<p>&nbsp;<\/p>\n<p>Aus M\u00fcller-Thurgau, Riesling und Gew\u00fcrztraminer wurde dieser leichte und fruchtbetonte Wein gekeltert. Er ist der perfekte Begleiter f\u00fcr das Picknick oder die Terrasse an einem warmen Sommertag.<\/p>\n<p><a href=\"https:\/\/weingut-ehrhart.de\/wp-content\/uploads\/2021\/03\/08_Expertise_Inspiration-Sommer.pdf\">Laden Sie unsere Weinexpertise hier<\/a><\/p>\n<p>Biowein \/ Deutscher Qualit\u00e4tswein \/ 11,5 % vol. \/ Enth\u00e4lt Sulfite[\/vc_column_text]<\/div><\/div><div class=\"sc_accordion_item even\"><h5 class=\"sc_accordion_title\"><span class=\"sc_accordion_icon sc_accordion_icon_closed icon-right\"><\/span><span class=\"sc_accordion_icon sc_accordion_icon_opened icon-down\"><\/span>Nr. 09 - 2022 Sp\u00e4tburgunder trocken<\/h5><div class=\"sc_accordion_content\">[vc_column_text]<img loading=\"lazy\" class=\"alignleft size-medium wp-image-2284\" src=\"https:\/\/weingut-ehrhart.de\/wp-content\/uploads\/2021\/03\/09_Spaetburgunder_trocken-300x300.png\" alt=\"\" width=\"300\" height=\"300\" srcset=\"https:\/\/weingut-ehrhart.de\/wp-content\/uploads\/2021\/03\/09_Spaetburgunder_trocken-300x300.png 300w, https:\/\/weingut-ehrhart.de\/wp-content\/uploads\/2021\/03\/09_Spaetburgunder_trocken-150x150.png 150w, https:\/\/weingut-ehrhart.de\/wp-content\/uploads\/2021\/03\/09_Spaetburgunder_trocken-768x768.png 768w, https:\/\/weingut-ehrhart.de\/wp-content\/uploads\/2021\/03\/09_Spaetburgunder_trocken.png 1000w\" sizes=\"(max-width: 300px) 100vw, 300px\" \/><\/p>\n<p>&nbsp;<\/p>\n<p>Ein Bukett von saftigen Kirschen erf\u00fcllt den Duft aus einem Glas dieses Weines. Dieser fruchtbetonte Sp\u00e4tburgunder ist ein leicht zug\u00e4nglicher Vertreter seiner Art.<\/p>\n<p><a href=\"https:\/\/weingut-ehrhart.de\/09-2022-spaetburgunder-gutswein\/\">Laden Sie unsere Weinexpertise hier<\/a><\/p>\n<p>Biowein \/ Deutscher Qualit\u00e4tswein \/ 13 % vol. \/ Enth\u00e4lt Sulfite[\/vc_column_text]<\/div><\/div><div class=\"sc_accordion_item odd\"><h5 class=\"sc_accordion_title\"><span class=\"sc_accordion_icon sc_accordion_icon_closed icon-right\"><\/span><span class=\"sc_accordion_icon sc_accordion_icon_opened icon-down\"><\/span>Nr. 10 - 2022 Merlot trocken<\/h5><div class=\"sc_accordion_content\">[vc_column_text]<img loading=\"lazy\" class=\"alignleft size-medium wp-image-2283\" src=\"https:\/\/weingut-ehrhart.de\/wp-content\/uploads\/2021\/03\/10_Merlot_trocken-300x300.png\" alt=\"\" width=\"300\" height=\"300\" srcset=\"https:\/\/weingut-ehrhart.de\/wp-content\/uploads\/2021\/03\/10_Merlot_trocken-300x300.png 300w, https:\/\/weingut-ehrhart.de\/wp-content\/uploads\/2021\/03\/10_Merlot_trocken-150x150.png 150w, https:\/\/weingut-ehrhart.de\/wp-content\/uploads\/2021\/03\/10_Merlot_trocken-768x768.png 768w, https:\/\/weingut-ehrhart.de\/wp-content\/uploads\/2021\/03\/10_Merlot_trocken.png 1000w\" sizes=\"(max-width: 300px) 100vw, 300px\" \/><\/p>\n<p>&nbsp;<\/p>\n<p>Unkompliziert zu trinken und dennoch mit gewissem Anspruch: Unser Merlot mit feinen Tannieren durch die Reifung im Eichenfass und Aromen von Brombeere, Pflaumen und Gew\u00fcrzen.<\/p>\n<p><a href=\"https:\/\/weingut-ehrhart.de\/10-2020-merlot-gutswein\/\">Laden Sie unsere Weinexpertise hier<\/a><\/p>\n<p>Biowein \/ Deutscher Qualit\u00e4tswein \/ 13 % vol. \/ Enth\u00e4lt Sulfite[\/vc_column_text]<\/div><\/div><\/div>[\/vc_column][\/vc_row][vc_row][vc_column][vc_empty_space height=&#8221;50px&#8221;][\/vc_column][\/vc_row][vc_row][vc_column]<div  id=\"sc_form_520882936_wrap\" class=\"sc_form_wrap\"><div  id=\"sc_form_520882936\" class=\"sc_form sc_form_style_form_1 aligncenter\"><h3 class=\"sc_form_title\">Sie wollen Ehrhartweine bestellen?<\/h3><div class=\"sc_form_descr sc_item_descr\">Bestellen Sie bequem \u00fcber dieses Formular oder per Mail. Wir schicken Ihnen dann eine Rechnung per Mail zur\u00fcck.<\/div>\t\t<form  id=\"sc_form_520882936_form\" data-formtype=\"form_1\" method=\"post\" action=\"https:\/\/weingut-ehrhart.de\/wp-admin\/admin-ajax.php\">\n\t\t\t\t\t\t<div class=\"sc_form_info\">\n\t\t\t\t<div class=\"sc_form_item sc_form_field label_over\"><label class=\"required\" for=\"sc_form_username\">Name<\/label><input id=\"sc_form_username\" type=\"text\" name=\"username\" placeholder=\"Name\"><\/div>\n\t\t\t\t<div class=\"sc_form_item sc_form_field label_over\"><label class=\"required\" for=\"sc_form_email\">E-mail<\/label><input id=\"sc_form_email\" type=\"text\" name=\"email\" placeholder=\"E-mail\"><\/div>\n\t\t\t<\/div>\n\t\t\t<div class=\"sc_form_item sc_form_message label_over\"><label class=\"required\" for=\"sc_form_message\">Message<\/label><textarea id=\"sc_form_message\" name=\"message\" placeholder=\"Message\"><\/textarea><\/div>\n\t\t\t<div><input type=\"checkbox\" id=\"sc_form_disclaimer\" name=\"datenschutz\" value=\"Ich bin mit der Verarbeitung meiner pers\u00f6nlichen Daten zur Kontaktaufnahme einverstanden\" required> <label for=\"sc_form_disclaimer\">Ich bin mit der Verarbeitung meiner pers\u00f6nlichen Daten zur Kontaktaufnahme einverstanden.<\/label><\/div>\n\t\t\t<div class=\"sc_form_item sc_form_button\"><button class=\"sc_button_size_large\">Submit<\/button><\/div>\n\t\t\t<div class=\"result sc_infobox\"><\/div>\n\t\t<\/form>\n\t\t<\/div><\/div>[vc_empty_space height=&#8221;50px&#8221;]<a href=\"https:\/\/weingut-ehrhart.de\/wp-content\/uploads\/2020\/11\/Weinliste_2026-01.pdf\" target=\"https:\/\/weingut-ehrhart.de\/wp-content\/uploads\/2020\/11\/Weinliste_2026-01.pdf\" class=\"sc_button sc_button_square sc_button_style_filled sc_button_size_large aligncenter\">ZUR WEINLISTE<\/a>[vc_empty_space height=&#8221;50px&#8221;][\/vc_column][\/vc_row]<\/p>\n","protected":false},"excerpt":{"rendered":"<p>[vc_row][vc_column][\/vc_column][\/vc_row][vc_row][vc_column][\/vc_column][\/vc_row][vc_row][vc_column][vc_empty_space height=&#8221;50px&#8221;][\/vc_column][\/vc_row][vc_row][vc_column][vc_empty_space height=&#8221;50px&#8221;][vc_empty_space height=&#8221;50px&#8221;][\/vc_column][\/vc_row]<\/p>\n","protected":false},"author":1,"featured_media":0,"parent":0,"menu_order":0,"comment_status":"closed","ping_status":"closed","template":"","meta":[],"yoast_head":"<!-- This site is optimized with the Yoast SEO plugin v19.7.2 - https:\/\/yoast.com\/wordpress\/plugins\/seo\/ -->\n<title>Gutsweine &bull; Bioweingut Ehrhart<\/title>\n<meta name=\"description\" content=\"Unkomplizierte, jugendliche Weine mit sofortiger Trinkreife. Sortentypischer Ausbau mit hohem Trinkfluss stehen hier im Vordergrund.\" \/>\n<meta name=\"robots\" content=\"index, follow, max-snippet:-1, max-image-preview:large, max-video-preview:-1\" \/>\n<link rel=\"canonical\" href=\"https:\/\/weingut-ehrhart.de\/gutsweine\/\" \/>\n<meta property=\"og:locale\" content=\"en_US\" \/>\n<meta property=\"og:type\" content=\"article\" \/>\n<meta property=\"og:title\" content=\"Gutsweine &bull; Bioweingut Ehrhart\" \/>\n<meta property=\"og:description\" content=\"Unkomplizierte, jugendliche Weine mit sofortiger Trinkreife. Sortentypischer Ausbau mit hohem Trinkfluss stehen hier im Vordergrund.\" \/>\n<meta property=\"og:url\" content=\"https:\/\/weingut-ehrhart.de\/gutsweine\/\" \/>\n<meta property=\"og:site_name\" content=\"Bioweingut Ehrhart\" \/>\n<meta property=\"article:modified_time\" content=\"2025-08-27T16:03:38+00:00\" \/>\n<meta property=\"og:image\" content=\"https:\/\/weingut-ehrhart.de\/wp-content\/uploads\/2025\/03\/1_Pinot-Meunier-2-119x300.png\" \/>\n<meta name=\"twitter:card\" content=\"summary_large_image\" \/>\n<meta name=\"twitter:label1\" content=\"Est. reading time\" \/>\n\t<meta name=\"twitter:data1\" content=\"5 minutes\" \/>\n<script type=\"application\/ld+json\" class=\"yoast-schema-graph\">{\"@context\":\"https:\/\/schema.org\",\"@graph\":[{\"@type\":\"WebPage\",\"@id\":\"https:\/\/weingut-ehrhart.de\/gutsweine\/\",\"url\":\"https:\/\/weingut-ehrhart.de\/gutsweine\/\",\"name\":\"Gutsweine &bull; Bioweingut Ehrhart\",\"isPartOf\":{\"@id\":\"https:\/\/weingut-ehrhart.de\/#website\"},\"datePublished\":\"2020-05-27T12:30:01+00:00\",\"dateModified\":\"2025-08-27T16:03:38+00:00\",\"description\":\"Unkomplizierte, jugendliche Weine mit sofortiger Trinkreife. Sortentypischer Ausbau mit hohem Trinkfluss stehen hier im Vordergrund.\",\"breadcrumb\":{\"@id\":\"https:\/\/weingut-ehrhart.de\/gutsweine\/#breadcrumb\"},\"inLanguage\":\"en-US\",\"potentialAction\":[{\"@type\":\"ReadAction\",\"target\":[\"https:\/\/weingut-ehrhart.de\/gutsweine\/\"]}]},{\"@type\":\"BreadcrumbList\",\"@id\":\"https:\/\/weingut-ehrhart.de\/gutsweine\/#breadcrumb\",\"itemListElement\":[{\"@type\":\"ListItem\",\"position\":1,\"name\":\"Startseite\",\"item\":\"https:\/\/weingut-ehrhart.de\/en\/\"},{\"@type\":\"ListItem\",\"position\":2,\"name\":\"Gutsweine\"}]},{\"@type\":\"WebSite\",\"@id\":\"https:\/\/weingut-ehrhart.de\/#website\",\"url\":\"https:\/\/weingut-ehrhart.de\/\",\"name\":\"Bioweingut Ehrhart\",\"description\":\"\",\"potentialAction\":[{\"@type\":\"SearchAction\",\"target\":{\"@type\":\"EntryPoint\",\"urlTemplate\":\"https:\/\/weingut-ehrhart.de\/?s={search_term_string}\"},\"query-input\":\"required name=search_term_string\"}],\"inLanguage\":\"en-US\"}]}<\/script>\n<!-- \/ Yoast SEO plugin. -->","yoast_head_json":{"title":"Gutsweine &bull; Bioweingut Ehrhart","description":"Unkomplizierte, jugendliche Weine mit sofortiger Trinkreife. Sortentypischer Ausbau mit hohem Trinkfluss stehen hier im Vordergrund.","robots":{"index":"index","follow":"follow","max-snippet":"max-snippet:-1","max-image-preview":"max-image-preview:large","max-video-preview":"max-video-preview:-1"},"canonical":"https:\/\/weingut-ehrhart.de\/gutsweine\/","og_locale":"en_US","og_type":"article","og_title":"Gutsweine &bull; Bioweingut Ehrhart","og_description":"Unkomplizierte, jugendliche Weine mit sofortiger Trinkreife. Sortentypischer Ausbau mit hohem Trinkfluss stehen hier im Vordergrund.","og_url":"https:\/\/weingut-ehrhart.de\/gutsweine\/","og_site_name":"Bioweingut Ehrhart","article_modified_time":"2025-08-27T16:03:38+00:00","og_image":[{"url":"https:\/\/weingut-ehrhart.de\/wp-content\/uploads\/2025\/03\/1_Pinot-Meunier-2-119x300.png"}],"twitter_card":"summary_large_image","twitter_misc":{"Est. reading time":"5 minutes"},"schema":{"@context":"https:\/\/schema.org","@graph":[{"@type":"WebPage","@id":"https:\/\/weingut-ehrhart.de\/gutsweine\/","url":"https:\/\/weingut-ehrhart.de\/gutsweine\/","name":"Gutsweine &bull; Bioweingut Ehrhart","isPartOf":{"@id":"https:\/\/weingut-ehrhart.de\/#website"},"datePublished":"2020-05-27T12:30:01+00:00","dateModified":"2025-08-27T16:03:38+00:00","description":"Unkomplizierte, jugendliche Weine mit sofortiger Trinkreife. Sortentypischer Ausbau mit hohem Trinkfluss stehen hier im Vordergrund.","breadcrumb":{"@id":"https:\/\/weingut-ehrhart.de\/gutsweine\/#breadcrumb"},"inLanguage":"en-US","potentialAction":[{"@type":"ReadAction","target":["https:\/\/weingut-ehrhart.de\/gutsweine\/"]}]},{"@type":"BreadcrumbList","@id":"https:\/\/weingut-ehrhart.de\/gutsweine\/#breadcrumb","itemListElement":[{"@type":"ListItem","position":1,"name":"Startseite","item":"https:\/\/weingut-ehrhart.de\/en\/"},{"@type":"ListItem","position":2,"name":"Gutsweine"}]},{"@type":"WebSite","@id":"https:\/\/weingut-ehrhart.de\/#website","url":"https:\/\/weingut-ehrhart.de\/","name":"Bioweingut Ehrhart","description":"","potentialAction":[{"@type":"SearchAction","target":{"@type":"EntryPoint","urlTemplate":"https:\/\/weingut-ehrhart.de\/?s={search_term_string}"},"query-input":"required name=search_term_string"}],"inLanguage":"en-US"}]}},"_links":{"self":[{"href":"https:\/\/weingut-ehrhart.de\/en\/wp-json\/wp\/v2\/pages\/1989"}],"collection":[{"href":"https:\/\/weingut-ehrhart.de\/en\/wp-json\/wp\/v2\/pages"}],"about":[{"href":"https:\/\/weingut-ehrhart.de\/en\/wp-json\/wp\/v2\/types\/page"}],"author":[{"embeddable":true,"href":"https:\/\/weingut-ehrhart.de\/en\/wp-json\/wp\/v2\/users\/1"}],"replies":[{"embeddable":true,"href":"https:\/\/weingut-ehrhart.de\/en\/wp-json\/wp\/v2\/comments?post=1989"}],"version-history":[{"count":58,"href":"https:\/\/weingut-ehrhart.de\/en\/wp-json\/wp\/v2\/pages\/1989\/revisions"}],"predecessor-version":[{"id":3325,"href":"https:\/\/weingut-ehrhart.de\/en\/wp-json\/wp\/v2\/pages\/1989\/revisions\/3325"}],"wp:attachment":[{"href":"https:\/\/weingut-ehrhart.de\/en\/wp-json\/wp\/v2\/media?parent=1989"}],"curies":[{"name":"wp","href":"https:\/\/api.w.org\/{rel}","templated":true}]}}