{"id":1595,"date":"2018-01-25T00:17:22","date_gmt":"2018-01-24T23:17:22","guid":{"rendered":"http:\/\/weingut-ehrhart.de\/startseite\/"},"modified":"2025-09-02T13:01:54","modified_gmt":"2025-09-02T11:01:54","slug":"startseite","status":"publish","type":"page","link":"https:\/\/weingut-ehrhart.de\/en\/","title":{"rendered":"Home"},"content":{"rendered":"<p>[vc_row][vc_column css=&#8221;.vc_custom_1463642208790{margin-top: 0.25rem !important;}&#8221;]<div class=\"sc_parallax margin_top_huge\" data-parallax-speed=\"0\" data-parallax-x-pos=\"100%\" data-parallax-y-pos=\"50%\"><div class=\"sc_parallax_content\" style=\"background-image:url(https:\/\/weingut-ehrhart.de\/wp-content\/uploads\/2018\/01\/weine_klein-1.jpg); background-position:100% 50%;\"><div class=\"sc_parallax_overlay\" style=\"\"><div class=\"sc_section alignright column-1_3\" style=\"text-align: right;\"><div class=\"sc_section_inner\"><div class=\"sc_section_content_wrap\"><a href=\"philosophie\/\" class=\"sc_button sc_button_square sc_button_style_filled sc_button_size_medium margin_top_super_huge  sc_button_iconed icon-arrow\">Philosophy<\/a><\/div><\/div><\/div><div class=\"sc_section margin_top_null margin_right_null margin_bottom_null margin_left_null section_style_inverse alignleft\" style=\"max-width:470px; text-align: center;\"><div class=\"sc_section_inner\"><h6 class=\"sc_section_subtitle sc_item_subtitle\">EHRHART WINERY<\/h6><h3 class=\"sc_section_title sc_item_title\">Welcome<\/h3><div class=\"sc_section_descr sc_item_descr\">Our family winery, located in Eschbach in the beautiful Southern Palatinate, is run by the third generation. What began with a couple of Riesling vines is now our life\u2019s work and absolute pride. We would be pleased to welcome you here!<\/div><div class=\"sc_section_content_wrap\">[vc_column_text][\/vc_column_text]<\/div><\/div><\/div><\/div><\/div><\/div>[\/vc_column][\/vc_row][vc_row][vc_column]<div id=\"sc_services_1630625987_wrap\" class=\"sc_services_wrap\"><div id=\"sc_services_1630625987\" class=\"sc_services sc_services_style_services-1 sc_services_type_icons  margin_bottom_small slyle_serv_transparent\" style=\"margin-top: 1.6rem;width:100%;\"><div class=\"sc_columns columns_wrap\"><div class=\"column-1_4 column_padding_bottom\">\t\t\t<div id=\"sc_services_1630625987_1\"\t\t\t\tclass=\"sc_services_item sc_services_item_1 odd first\"\n\t\t\t\t>\n\t\t\t\t<a href=\"https:\/\/weingut-ehrhart.de\/en\/services\/weinkeller\/\"><span class=\"sc_icon icon-icon1\"><\/span><\/a>\t\t\t\t<div class=\"sc_services_item_content\">\n\t\t\t\t\t<h6 class=\"sc_services_item_title\"><a href=\"https:\/\/weingut-ehrhart.de\/en\/services\/weinkeller\/\">Cellar<\/a><\/h6>\n\t\t\t\t\t<div class=\"sc_services_item_description\">\n\t\t\t\t\t\t<p>High quality, well balanced wines need time to mature.<\/p><a href=\"https:\/\/weingut-ehrhart.de\/en\/services\/weinkeller\/\" class=\"sc_button sc_button_square sc_button_style_filled sc_button_size_small\">more<\/a>\t\t\t\t\t<\/div>\n\t\t\t\t<\/div>\n\t\t\t<\/div>\n\t\t<\/div><div class=\"column-1_4 column_padding_bottom\">\t\t\t<div id=\"sc_services_1630625987_2\"\t\t\t\tclass=\"sc_services_item sc_services_item_2 even\"\n\t\t\t\t>\n\t\t\t\t<a href=\"https:\/\/weingut-ehrhart.de\/en\/services\/gastwirtschaft\/\"><span class=\"sc_icon icon-icon2\"><\/span><\/a>\t\t\t\t<div class=\"sc_services_item_content\">\n\t\t\t\t\t<h6 class=\"sc_services_item_title\"><a href=\"https:\/\/weingut-ehrhart.de\/en\/services\/gastwirtschaft\/\">Bar<\/a><\/h6>\n\t\t\t\t\t<div class=\"sc_services_item_description\">\n\t\t\t\t\t\t<p>Enjoy the regional cuisine at our estate in the autumn.<\/p><a href=\"https:\/\/weingut-ehrhart.de\/en\/services\/gastwirtschaft\/\" class=\"sc_button sc_button_square sc_button_style_filled sc_button_size_small\">more<\/a>\t\t\t\t\t<\/div>\n\t\t\t\t<\/div>\n\t\t\t<\/div>\n\t\t<\/div><div class=\"column-1_4 column_padding_bottom\">\t\t\t<div id=\"sc_services_1630625987_3\"\t\t\t\tclass=\"sc_services_item sc_services_item_3 odd\"\n\t\t\t\t>\n\t\t\t\t<a href=\"https:\/\/weingut-ehrhart.de\/en\/services\/vineyard\/\"><span class=\"sc_icon icon-icon3\"><\/span><\/a>\t\t\t\t<div class=\"sc_services_item_content\">\n\t\t\t\t\t<h6 class=\"sc_services_item_title\"><a href=\"https:\/\/weingut-ehrhart.de\/en\/services\/vineyard\/\">Vineyards<\/a><\/h6>\n\t\t\t\t\t<div class=\"sc_services_item_description\">\n\t\t\t\t\t\t<p>Our vineyards are host to bees, lacewings, butterflies and other winged creatures.<\/p><a href=\"https:\/\/weingut-ehrhart.de\/en\/services\/vineyard\/\" class=\"sc_button sc_button_square sc_button_style_filled sc_button_size_small\">more<\/a>\t\t\t\t\t<\/div>\n\t\t\t\t<\/div>\n\t\t\t<\/div>\n\t\t<\/div><div class=\"column-1_4 column_padding_bottom\">\t\t\t<div id=\"sc_services_1630625987_4\"\t\t\t\tclass=\"sc_services_item sc_services_item_4 even\"\n\t\t\t\t>\n\t\t\t\t<a href=\"https:\/\/weingut-ehrhart.de\/en\/services\/buy-wine\/\"><span class=\"sc_icon icon-icon4\"><\/span><\/a>\t\t\t\t<div class=\"sc_services_item_content\">\n\t\t\t\t\t<h6 class=\"sc_services_item_title\"><a href=\"https:\/\/weingut-ehrhart.de\/en\/services\/buy-wine\/\">Our wines<\/a><\/h6>\n\t\t\t\t\t<div class=\"sc_services_item_description\">\n\t\t\t\t\t\t<p>Ehrhart wines are steeped in tradition and bear our family signature.<\/p><a href=\"https:\/\/weingut-ehrhart.de\/en\/services\/buy-wine\/\" class=\"sc_button sc_button_square sc_button_style_filled sc_button_size_small\">more<\/a>\t\t\t\t\t<\/div>\n\t\t\t\t<\/div>\n\t\t\t<\/div>\n\t\t<\/div><\/div><\/div><!-- \/.sc_services --><\/div><!-- \/.sc_services_wrap -->[\/vc_column][\/vc_row][vc_row disable_element=&#8221;yes&#8221;][vc_column css=&#8221;.vc_custom_1463642046887{margin-bottom: 0.45rem !important;}&#8221;]<div id=\"sc_blogger_26244531\" class=\"sc_blogger layout_colored_1 template_portfolio  sc_blogger_horizontal no_description\"><h6 class=\"sc_blogger_subtitle sc_item_subtitle\">NEWS FROM THE WORLD OF WINE<\/h6><h2 class=\"sc_blogger_title sc_item_title\">Ehrhart news<\/h2><div class=\"isotope_wrap\" data-columns=\"1\">\t\t\t<div class=\"isotope_item isotope_item_colored isotope_item_colored_1 isotope_column_1\n\t\t\t\t\t\t\">\n\t\t\t\t<div class=\"post_item post_item_colored post_item_colored_1\n\t\t\t\t\tpost_format_standard odd last\">\n\t\n\t\t\t\t\t<div class=\"post_content isotope_item_content\">\n\t\t\t\t\t\t<div class=\"post_featured img\">\n\t\t\t\t\t\t\t<a href=\"https:\/\/weingut-ehrhart.de\/en\/gutsausschank-2025\/\"><img class=\"wp-post-image\" width=\"370\" height=\"370\" alt=\"Gutsausschank ge\u00f6ffnet: Freitag-Montag (05.09.-19.10.2025)\" src=\"https:\/\/weingut-ehrhart.de\/wp-content\/uploads\/2025\/08\/Weinglas-Bistrot-Frankreich-370x370.jpg\"><\/a>\t\t\t\t\t\t<\/div>\n\t\t\n\t\t\t\t\t\t<div class=\"post_description clearfix\">\n\t\t\t\t\t\t\t\t\t\t\t\t\t\t<h5 class=\"post_title\"><a href=\"https:\/\/weingut-ehrhart.de\/en\/gutsausschank-2025\/\">Gutsausschank ge\u00f6ffnet: Freitag-Montag (05.09.-19.10.2025)<\/a><\/h5>\n\t\t\t\t\t\t\t\t\t\t\t\t\t\t<div class=\"post_category\">\n\t\t\t\t\t\t\t\t<a class=\"category_link\" href=\"https:\/\/weingut-ehrhart.de\/en\/category\/news-en\/\">Neuigkeiten<\/a>, <a class=\"category_link\" href=\"https:\/\/weingut-ehrhart.de\/en\/category\/termin-en\/\">Termine<\/a>\t\t\t\t\t\t\t<\/div>\n\t\t\t\t\t\t\t\t\t\t\t\t\t\t<div class=\"post_descr\">\n\t\t\t\t\t\t\t\t<p>Im September und Oktober freuen wir uns darauf, Sie in unserem Gutsausschank zu sehen. Genie\u00dfen Sie eine kleine Auszeit bei uns im Hof oder in unserer Gaststube bei einem guten Glas von unseren Weinen sowie unserer pf\u00e4lzischen K\u00fcche. In den Wochen vom 05. September bis zum 19. Oktober haben wir von Freitag bis Montag von <\/p>\t\t\t\t\t\t\t<\/div>\n\t\t\t\t\t\t\t\t\t\t\t\t\t\t\t<div class=\"post_buttons\">\n\t\t\t\t\t\t\t\t\t<a href=\"https:\/\/weingut-ehrhart.de\/en\/gutsausschank-2025\/\" class=\"sc_button sc_button_square sc_button_style_filled sc_button_size_small\">LEARN MORE<\/a>\t\t\t\t\t\t\t\t<\/div>\n\t\t\t\t\t\t\t\t\t\t\t\t\t<\/div>\n\t\t\t\t\t<\/div>\t\t\t\t<!-- \/.post_content -->\n\t\t\t\t<\/div>\t<!-- \/.post_item -->\n\t\t\t<\/div>\t\t\t\t\t\t<!-- \/.isotope_item -->\n\t\t\t<\/div><\/div>[\/vc_column][vc_column][\/vc_column][\/vc_row][vc_row][vc_column css=&#8221;.vc_custom_1463642046887{margin-bottom: 0.45rem !important;}&#8221;]<div class=\"sc_section section_style_left\"><div class=\"sc_section_inner\"><h6 class=\"sc_section_subtitle sc_item_subtitle\">TEAM<\/h6><h3 class=\"sc_section_title sc_item_title\">The entire family pitches in<\/h3><div class=\"sc_section_content_wrap\"><div id=\"sc_team_527877923_wrap\" class=\"sc_team_wrap\"><div id=\"sc_team_527877923\" class=\"sc_team sc_team_style_team-3  margin_top_large margin_bottom_large aligncenter\" style=\"width:100%;\"><div class=\"sc_columns columns_wrap\"><div class=\"column-1_3 column_padding_bottom\">\t\t\t<div id=\"sc_team_527877923_1\"\t\t\t\tclass=\"sc_team_item sc_team_item_1 odd first\"\n\t\t\t\t>\n\t\t\t\t<div class=\"sc_team_item_avatar\"><img class=\"wp-post-image\" width=\"540\" height=\"580\" alt=\"Benjamin\" src=\"https:\/\/weingut-ehrhart.de\/wp-content\/uploads\/2016\/05\/ben-540x580.png\">\t\t\t\t\t<div class=\"sc_team_item_hover\">\n\t\t\t\t\t\t<div class=\"sc_team_item_socials\"><\/div>\n\t\t\t\t\t<\/div>\n\t\t\t\t<\/div>\n\t\t\t\t<div class=\"sc_team_item_info\">\n                    \t\t\t\t\t<h5 class=\"sc_team_item_title\"><a href=\"https:\/\/weingut-ehrhart.de\/en\/team\/ben\/\">Benjamin<\/a><\/h5>\n\t\t\t\t\t<div class=\"sc_team_item_position\">CELLARER<\/div>\n\t\t\t\t<\/div>\n\t\t\t<\/div>\n\t\t<\/div><div class=\"column-1_3 column_padding_bottom\">\t\t\t<div id=\"sc_team_527877923_2\"\t\t\t\tclass=\"sc_team_item sc_team_item_2 even\"\n\t\t\t\t>\n\t\t\t\t<div class=\"sc_team_item_avatar\"><img class=\"wp-post-image\" width=\"540\" height=\"580\" alt=\"Reinhold\" src=\"https:\/\/weingut-ehrhart.de\/wp-content\/uploads\/2018\/02\/Reinholt-540x580.png\">\t\t\t\t\t<div class=\"sc_team_item_hover\">\n\t\t\t\t\t\t<div class=\"sc_team_item_socials\"><\/div>\n\t\t\t\t\t<\/div>\n\t\t\t\t<\/div>\n\t\t\t\t<div class=\"sc_team_item_info\">\n                    \t\t\t\t\t<h5 class=\"sc_team_item_title\"><a href=\"https:\/\/weingut-ehrhart.de\/en\/team\/reinhold\/\">Reinhold<\/a><\/h5>\n\t\t\t\t\t<div class=\"sc_team_item_position\">SALES DIRECTOR<\/div>\n\t\t\t\t<\/div>\n\t\t\t<\/div>\n\t\t<\/div><div class=\"column-1_3 column_padding_bottom\">\t\t\t<div id=\"sc_team_527877923_3\"\t\t\t\tclass=\"sc_team_item sc_team_item_3 odd\"\n\t\t\t\t>\n\t\t\t\t<div class=\"sc_team_item_avatar\"><img class=\"wp-post-image\" width=\"540\" height=\"580\" alt=\"Ute\" src=\"https:\/\/weingut-ehrhart.de\/wp-content\/uploads\/2016\/05\/Ute-540x580.png\">\t\t\t\t\t<div class=\"sc_team_item_hover\">\n\t\t\t\t\t\t<div class=\"sc_team_item_socials\"><\/div>\n\t\t\t\t\t<\/div>\n\t\t\t\t<\/div>\n\t\t\t\t<div class=\"sc_team_item_info\">\n                    \t\t\t\t\t<h5 class=\"sc_team_item_title\"><a href=\"https:\/\/weingut-ehrhart.de\/en\/team\/ute\/\">Ute<\/a><\/h5>\n\t\t\t\t\t<div class=\"sc_team_item_position\">ESTATE MANAGER<\/div>\n\t\t\t\t<\/div>\n\t\t\t<\/div>\n\t\t<\/div><\/div><\/div><!-- \/.sc_team --><\/div><!-- \/.sc_team_wrap --><\/div><\/div><\/div>[\/vc_column][\/vc_row]<\/p>\n","protected":false},"excerpt":{"rendered":"<p>[vc_row][vc_column css=&#8221;.vc_custom_1463642208790{margin-top: 0.25rem !important;}&#8221;][\/vc_column][\/vc_row][vc_row][vc_column][\/vc_column][\/vc_row][vc_row disable_element=&#8221;yes&#8221;][vc_column css=&#8221;.vc_custom_1463642046887{margin-bottom: 0.45rem !important;}&#8221;][\/vc_column][vc_column][\/vc_column][\/vc_row][vc_row][vc_column css=&#8221;.vc_custom_1463642046887{margin-bottom: 0.45rem !important;}&#8221;][\/vc_column][\/vc_row]<\/p>\n","protected":false},"author":1,"featured_media":0,"parent":0,"menu_order":0,"comment_status":"closed","ping_status":"closed","template":"","meta":[],"yoast_head":"<!-- This site is optimized with the Yoast SEO plugin v19.7.2 - https:\/\/yoast.com\/wordpress\/plugins\/seo\/ -->\n<title>Home &bull; Bioweingut Ehrhart<\/title>\n<meta name=\"description\" content=\"Unser Familienweingut liegt in Eschbach in der sch\u00f6nen S\u00fcdpfalz und wird in dritter Generation gef\u00fchrt. Was mit ein paar Rieslingreben begann, ist heute unser Lebenswerk und ganzer Stolz. Wir freuen uns auf Ihren Besuch!\" \/>\n<meta name=\"robots\" content=\"index, follow, max-snippet:-1, max-image-preview:large, max-video-preview:-1\" \/>\n<link rel=\"canonical\" href=\"https:\/\/weingut-ehrhart.de\/en\/\" \/>\n<meta property=\"og:locale\" content=\"en_US\" \/>\n<meta property=\"og:type\" content=\"article\" \/>\n<meta property=\"og:title\" content=\"Home &bull; Bioweingut Ehrhart\" \/>\n<meta property=\"og:description\" content=\"Unser Familienweingut liegt in Eschbach in der sch\u00f6nen S\u00fcdpfalz und wird in dritter Generation gef\u00fchrt. Was mit ein paar Rieslingreben begann, ist heute unser Lebenswerk und ganzer Stolz. Wir freuen uns auf Ihren Besuch!\" \/>\n<meta property=\"og:url\" content=\"https:\/\/weingut-ehrhart.de\/en\/\" \/>\n<meta property=\"og:site_name\" content=\"Bioweingut Ehrhart\" \/>\n<meta property=\"article:modified_time\" content=\"2025-09-02T11:01:54+00:00\" \/>\n<meta name=\"twitter:card\" content=\"summary_large_image\" \/>\n<meta name=\"twitter:label1\" content=\"Est. reading time\" \/>\n\t<meta name=\"twitter:data1\" content=\"1 minute\" \/>\n<script type=\"application\/ld+json\" class=\"yoast-schema-graph\">{\"@context\":\"https:\/\/schema.org\",\"@graph\":[{\"@type\":\"WebPage\",\"@id\":\"https:\/\/weingut-ehrhart.de\/en\/\",\"url\":\"https:\/\/weingut-ehrhart.de\/en\/\",\"name\":\"Home &bull; Bioweingut Ehrhart\",\"isPartOf\":{\"@id\":\"https:\/\/weingut-ehrhart.de\/#website\"},\"datePublished\":\"2018-01-24T23:17:22+00:00\",\"dateModified\":\"2025-09-02T11:01:54+00:00\",\"description\":\"Unser Familienweingut liegt in Eschbach in der sch\u00f6nen S\u00fcdpfalz und wird in dritter Generation gef\u00fchrt. Was mit ein paar Rieslingreben begann, ist heute unser Lebenswerk und ganzer Stolz. Wir freuen uns auf Ihren Besuch!\",\"breadcrumb\":{\"@id\":\"https:\/\/weingut-ehrhart.de\/en\/#breadcrumb\"},\"inLanguage\":\"en-US\",\"potentialAction\":[{\"@type\":\"ReadAction\",\"target\":[\"https:\/\/weingut-ehrhart.de\/en\/\"]}]},{\"@type\":\"BreadcrumbList\",\"@id\":\"https:\/\/weingut-ehrhart.de\/en\/#breadcrumb\",\"itemListElement\":[{\"@type\":\"ListItem\",\"position\":1,\"name\":\"Startseite\",\"item\":\"https:\/\/weingut-ehrhart.de\/en\/\"},{\"@type\":\"ListItem\",\"position\":2,\"name\":\"Home\"}]},{\"@type\":\"WebSite\",\"@id\":\"https:\/\/weingut-ehrhart.de\/#website\",\"url\":\"https:\/\/weingut-ehrhart.de\/\",\"name\":\"Bioweingut Ehrhart\",\"description\":\"\",\"potentialAction\":[{\"@type\":\"SearchAction\",\"target\":{\"@type\":\"EntryPoint\",\"urlTemplate\":\"https:\/\/weingut-ehrhart.de\/?s={search_term_string}\"},\"query-input\":\"required name=search_term_string\"}],\"inLanguage\":\"en-US\"}]}<\/script>\n<!-- \/ Yoast SEO plugin. -->","yoast_head_json":{"title":"Home &bull; Bioweingut Ehrhart","description":"Unser Familienweingut liegt in Eschbach in der sch\u00f6nen S\u00fcdpfalz und wird in dritter Generation gef\u00fchrt. Was mit ein paar Rieslingreben begann, ist heute unser Lebenswerk und ganzer Stolz. Wir freuen uns auf Ihren Besuch!","robots":{"index":"index","follow":"follow","max-snippet":"max-snippet:-1","max-image-preview":"max-image-preview:large","max-video-preview":"max-video-preview:-1"},"canonical":"https:\/\/weingut-ehrhart.de\/en\/","og_locale":"en_US","og_type":"article","og_title":"Home &bull; Bioweingut Ehrhart","og_description":"Unser Familienweingut liegt in Eschbach in der sch\u00f6nen S\u00fcdpfalz und wird in dritter Generation gef\u00fchrt. Was mit ein paar Rieslingreben begann, ist heute unser Lebenswerk und ganzer Stolz. Wir freuen uns auf Ihren Besuch!","og_url":"https:\/\/weingut-ehrhart.de\/en\/","og_site_name":"Bioweingut Ehrhart","article_modified_time":"2025-09-02T11:01:54+00:00","twitter_card":"summary_large_image","twitter_misc":{"Est. reading time":"1 minute"},"schema":{"@context":"https:\/\/schema.org","@graph":[{"@type":"WebPage","@id":"https:\/\/weingut-ehrhart.de\/en\/","url":"https:\/\/weingut-ehrhart.de\/en\/","name":"Home &bull; Bioweingut Ehrhart","isPartOf":{"@id":"https:\/\/weingut-ehrhart.de\/#website"},"datePublished":"2018-01-24T23:17:22+00:00","dateModified":"2025-09-02T11:01:54+00:00","description":"Unser Familienweingut liegt in Eschbach in der sch\u00f6nen S\u00fcdpfalz und wird in dritter Generation gef\u00fchrt. Was mit ein paar Rieslingreben begann, ist heute unser Lebenswerk und ganzer Stolz. Wir freuen uns auf Ihren Besuch!","breadcrumb":{"@id":"https:\/\/weingut-ehrhart.de\/en\/#breadcrumb"},"inLanguage":"en-US","potentialAction":[{"@type":"ReadAction","target":["https:\/\/weingut-ehrhart.de\/en\/"]}]},{"@type":"BreadcrumbList","@id":"https:\/\/weingut-ehrhart.de\/en\/#breadcrumb","itemListElement":[{"@type":"ListItem","position":1,"name":"Startseite","item":"https:\/\/weingut-ehrhart.de\/en\/"},{"@type":"ListItem","position":2,"name":"Home"}]},{"@type":"WebSite","@id":"https:\/\/weingut-ehrhart.de\/#website","url":"https:\/\/weingut-ehrhart.de\/","name":"Bioweingut Ehrhart","description":"","potentialAction":[{"@type":"SearchAction","target":{"@type":"EntryPoint","urlTemplate":"https:\/\/weingut-ehrhart.de\/?s={search_term_string}"},"query-input":"required name=search_term_string"}],"inLanguage":"en-US"}]}},"_links":{"self":[{"href":"https:\/\/weingut-ehrhart.de\/en\/wp-json\/wp\/v2\/pages\/1595"}],"collection":[{"href":"https:\/\/weingut-ehrhart.de\/en\/wp-json\/wp\/v2\/pages"}],"about":[{"href":"https:\/\/weingut-ehrhart.de\/en\/wp-json\/wp\/v2\/types\/page"}],"author":[{"embeddable":true,"href":"https:\/\/weingut-ehrhart.de\/en\/wp-json\/wp\/v2\/users\/1"}],"replies":[{"embeddable":true,"href":"https:\/\/weingut-ehrhart.de\/en\/wp-json\/wp\/v2\/comments?post=1595"}],"version-history":[{"count":9,"href":"https:\/\/weingut-ehrhart.de\/en\/wp-json\/wp\/v2\/pages\/1595\/revisions"}],"predecessor-version":[{"id":3333,"href":"https:\/\/weingut-ehrhart.de\/en\/wp-json\/wp\/v2\/pages\/1595\/revisions\/3333"}],"wp:attachment":[{"href":"https:\/\/weingut-ehrhart.de\/en\/wp-json\/wp\/v2\/media?parent=1595"}],"curies":[{"name":"wp","href":"https:\/\/api.w.org\/{rel}","templated":true}]}}