{"id":1554,"date":"2018-01-27T23:57:53","date_gmt":"2018-01-27T22:57:53","guid":{"rendered":"http:\/\/weingut-ehrhart.de\/weitereweine\/"},"modified":"2021-03-12T22:00:27","modified_gmt":"2021-03-12T21:00:27","slug":"weitereweine","status":"publish","type":"page","link":"https:\/\/weingut-ehrhart.de\/en\/weitereweine\/","title":{"rendered":"Sparkling wine and more"},"content":{"rendered":"<p>[vc_row][vc_column]<div class=\"sc_section section_style_underline aligncenter\"><div class=\"sc_section_inner\"><h6 class=\"sc_section_subtitle sc_item_subtitle\">OUR WINES<\/h6><h3 class=\"sc_section_title sc_item_title\">Sparkling wine and other products<\/h3><div class=\"sc_section_descr sc_item_descr\">Our lively sparkling wines and other products<\/div><div class=\"sc_section_content_wrap\"><\/div><\/div><\/div>[\/vc_column][\/vc_row][vc_row][vc_column]<div class=\"sc_accordion margin_top_tiny margin_bottom_tiny\" data-active=\"0\"><div class=\"sc_accordion_item odd first\"><h5 class=\"sc_accordion_title\"><span class=\"sc_accordion_icon sc_accordion_icon_closed icon-right\"><\/span><span class=\"sc_accordion_icon sc_accordion_icon_opened icon-down\"><\/span>Nr.30 - 2017 Riesling trocken <\/h5><div class=\"sc_accordion_content\">[vc_column_text]<img loading=\"lazy\" class=\"size-thumbnail wp-image-1197 alignleft\" src=\"https:\/\/weingut-ehrhart.de\/wp-content\/uploads\/2018\/02\/2013_riesling_Liter-683x1024-150x150.jpg\" alt=\"\" width=\"150\" height=\"150\" \/><\/p>\n<p>&nbsp;<\/p>\n<p>The classic one-litre bottle. Crisp, fruity Riesling with a low alcohol content and fresh acidity: our Riesling in a one-litre bottle[\/vc_column_text]<\/div><\/div><div class=\"sc_accordion_item even\"><h5 class=\"sc_accordion_title\"><span class=\"sc_accordion_icon sc_accordion_icon_closed icon-right\"><\/span><span class=\"sc_accordion_icon sc_accordion_icon_opened icon-down\"><\/span>Nr.31 - 2017 M\u00fcller- Thurgau trocken<\/h5><div class=\"sc_accordion_content\">[vc_column_text]<img loading=\"lazy\" class=\"size-thumbnail wp-image-1197 alignleft\" src=\"https:\/\/weingut-ehrhart.de\/wp-content\/uploads\/2018\/02\/2013_riesling_Liter-683x1024-150x150.jpg\" alt=\"\" width=\"150\" height=\"150\" \/><\/p>\n<p>&nbsp;<\/p>\n<p>The essential spritzer wine: our dry M\u00fcller-Thurgau[\/vc_column_text]<\/div><\/div><div id=\"sc_accordion_item_1517086526618_1\" class=\"sc_accordion_item odd\"><h5 class=\"sc_accordion_title\"><span class=\"sc_accordion_icon sc_accordion_icon_closed icon-right\"><\/span><span class=\"sc_accordion_icon sc_accordion_icon_opened icon-down\"><\/span>Nr.32 - 2016 Portugieser Ros\u00e9 <\/h5><div class=\"sc_accordion_content\">[vc_column_text]<img loading=\"lazy\" class=\"size-thumbnail wp-image-1194 alignleft\" src=\"https:\/\/weingut-ehrhart.de\/wp-content\/uploads\/2018\/02\/2014_portugieser_rose\u00a6\u00fc-683x1024-150x150.jpg\" alt=\"\" width=\"150\" height=\"150\" \/><\/p>\n<p>&nbsp;<\/p>\n<p>Portugieser, lightly pressed; our semi-dry ros\u00e9 in a one-litre bottle[\/vc_column_text]<\/div><\/div><div id=\"sc_accordion_item_1517086526618_1\" class=\"sc_accordion_item even\"><h5 class=\"sc_accordion_title\"><span class=\"sc_accordion_icon sc_accordion_icon_closed icon-right\"><\/span><span class=\"sc_accordion_icon sc_accordion_icon_opened icon-down\"><\/span>Nr.37 - 2017 Inspiration Sommer <\/h5><div class=\"sc_accordion_content\">[vc_column_text]<img loading=\"lazy\" class=\"size-thumbnail wp-image-1242 alignleft\" src=\"https:\/\/weingut-ehrhart.de\/wp-content\/uploads\/2018\/02\/Bild-Flasche-Inspiration-683x1024-1-150x150.jpg\" alt=\"\" width=\"150\" height=\"150\" \/><\/p>\n<p>&nbsp;<\/p>\n<p>A light, irreverent Riesling, Gew\u00fcrztraminer and M\u00fcller-Thurgau white cuv\u00e9e. This semi-dry aged wine is very accessible and the perfect accompaniment for hot summer days.<\/p>\n<p><a href=\"https:\/\/weingut-ehrhart.de\/wp-content\/uploads\/2018\/02\/Nr.35_Inspiration_Sommer_2017_DOSIS.pdf\">Download our wine expertise here <\/a>[\/vc_column_text]<\/div><\/div><div id=\"sc_accordion_item_1517086526618_1\" class=\"sc_accordion_item odd\"><h5 class=\"sc_accordion_title\"><span class=\"sc_accordion_icon sc_accordion_icon_closed icon-right\"><\/span><span class=\"sc_accordion_icon sc_accordion_icon_opened icon-down\"><\/span>Nr.38 - 2016 Gew\u00fcrztraminer<\/h5><div class=\"sc_accordion_content\">[vc_column_text]<img loading=\"lazy\" class=\"size-thumbnail wp-image-1200 alignleft\" src=\"https:\/\/weingut-ehrhart.de\/wp-content\/uploads\/2018\/02\/2015_RieslinOrtswein-150x150.jpg\" alt=\"\" width=\"150\" height=\"150\" \/><\/p>\n<p>&nbsp;<\/p>\n<p>The well-known bouquet variety Gew\u00fcrztraminer, aged semi-dry. Low acidity enhances the charming aroma of rose buds and yellow fruits.[\/vc_column_text]<\/div><\/div><div id=\"sc_accordion_item_1517086526618_1\" class=\"sc_accordion_item even\"><h5 class=\"sc_accordion_title\"><span class=\"sc_accordion_icon sc_accordion_icon_closed icon-right\"><\/span><span class=\"sc_accordion_icon sc_accordion_icon_opened icon-down\"><\/span>Nr.39 - 2016 Schwarzriesling<\/h5><div class=\"sc_accordion_content\">[vc_column_text]<img loading=\"lazy\" class=\"size-thumbnail wp-image-1200 alignleft\" src=\"https:\/\/weingut-ehrhart.de\/wp-content\/uploads\/2018\/02\/2015_RieslinOrtswein-150x150.jpg\" alt=\"\" width=\"150\" height=\"150\" \/><\/p>\n<p>&nbsp;<\/p>\n<p>A very light, fruity Pinot Meunier, aged semi-dry[\/vc_column_text]<\/div><\/div><div id=\"sc_accordion_item_1517086526618_1\" class=\"sc_accordion_item odd\"><h5 class=\"sc_accordion_title\"><span class=\"sc_accordion_icon sc_accordion_icon_closed icon-right\"><\/span><span class=\"sc_accordion_icon sc_accordion_icon_opened icon-down\"><\/span>Nr.41 - 2014 Dornfelder trocken<\/h5><div class=\"sc_accordion_content\">[vc_column_text]<img loading=\"lazy\" class=\"size-thumbnail wp-image-1199 alignleft\" src=\"https:\/\/weingut-ehrhart.de\/wp-content\/uploads\/2018\/02\/2014_G\u00f6cklinger_Sp\u00e4tburgunder-683x1024-150x150.jpg\" alt=\"\" width=\"150\" height=\"150\" \/><\/p>\n<p>&nbsp;<\/p>\n<p>This powerful and fruity Dornfelder was allowed to mature in an old wooden barrel for 12 months. Its velvety and decent acidity enhances the pleasant bouquet.[\/vc_column_text]<\/div><\/div><div id=\"sc_accordion_item_1517086526618_1\" class=\"sc_accordion_item even\"><h5 class=\"sc_accordion_title\"><span class=\"sc_accordion_icon sc_accordion_icon_closed icon-right\"><\/span><span class=\"sc_accordion_icon sc_accordion_icon_opened icon-down\"><\/span>Nr.42 - 2017 Dunkelfelder <\/h5><div class=\"sc_accordion_content\">[vc_column_text]<img loading=\"lazy\" class=\"size-thumbnail wp-image-1200 alignleft\" src=\"https:\/\/weingut-ehrhart.de\/wp-content\/uploads\/2018\/02\/2015_RieslinOrtswein-150x150.jpg\" alt=\"\" width=\"150\" height=\"150\" \/><\/p>\n<p>&nbsp;<\/p>\n<p>This wine is the powerful and intensely dark flagship of the semi-dry reds.[\/vc_column_text]<\/div><\/div><\/div>[\/vc_column][\/vc_row][vc_row][vc_column][vc_empty_space height=&#8221;50px&#8221;]<div class=\"sc_section section_style_underline aligncenter\"><div class=\"sc_section_inner\"><h6 class=\"sc_section_subtitle sc_item_subtitle\">UNSERE WEINE<\/h6><h3 class=\"sc_section_title sc_item_title\">Sekte & Perlweine<\/h3><div class=\"sc_section_content_wrap\">[vc_empty_space height=&#8221;50px&#8221;]<\/div><\/div><\/div>[\/vc_column][\/vc_row][vc_row][vc_column]<div class=\"sc_accordion margin_top_tiny margin_bottom_tiny\" data-active=\"0\"><div class=\"sc_accordion_item odd first\"><h5 class=\"sc_accordion_title\"><span class=\"sc_accordion_icon sc_accordion_icon_closed icon-right\"><\/span><span class=\"sc_accordion_icon sc_accordion_icon_opened icon-down\"><\/span>Nr.26 - 2017 Secco Riesling trocken <\/h5><div class=\"sc_accordion_content\">[vc_column_text]<img loading=\"lazy\" class=\"size-thumbnail wp-image-1195 alignleft\" src=\"https:\/\/weingut-ehrhart.de\/wp-content\/uploads\/2018\/02\/2014_secco_riesling-683x1024-150x150.jpg\" alt=\"\" width=\"150\" height=\"150\" \/><\/p>\n<p>&nbsp;<\/p>\n<p>A light and lively Prosecco produced from Riesling grapes and aged dry[\/vc_column_text]<\/div><\/div><div class=\"sc_accordion_item even\"><h5 class=\"sc_accordion_title\"><span class=\"sc_accordion_icon sc_accordion_icon_closed icon-right\"><\/span><span class=\"sc_accordion_icon sc_accordion_icon_opened icon-down\"><\/span>Nr.27 - 2017 Secco Ros\u00e9 trocken<\/h5><div class=\"sc_accordion_content\">[vc_column_text]<img loading=\"lazy\" class=\"size-thumbnail wp-image-1196 alignleft\" src=\"https:\/\/weingut-ehrhart.de\/wp-content\/uploads\/2018\/02\/2014_secco_rose-683x1024-150x150.jpg\" alt=\"\" width=\"150\" height=\"150\" \/><\/p>\n<p>&nbsp;<\/p>\n<p>A lively, enjoyable ros\u00e9. Pressed from single origin Pinot Meunier and aged dry.[\/vc_column_text]<\/div><\/div><div class=\"sc_accordion_item odd\"><h5 class=\"sc_accordion_title\"><span class=\"sc_accordion_icon sc_accordion_icon_closed icon-right\"><\/span><span class=\"sc_accordion_icon sc_accordion_icon_opened icon-down\"><\/span>Nr.28 - 2015 Pinot Sekt brut nature<\/h5><div class=\"sc_accordion_content\">[vc_column_text]<img loading=\"lazy\" class=\"size-thumbnail wp-image-1201 alignleft\" src=\"https:\/\/weingut-ehrhart.de\/wp-content\/uploads\/2018\/02\/2015_Eschbach_Portugierser-683x1024-150x150.jpg\" alt=\"\" width=\"150\" height=\"150\" \/><\/p>\n<p>&nbsp;<\/p>\n<p>This premium sparkling wine was pressed from the classic Champagne grape varieties Pinot Noir, Pinot Meunier and Chardonnay and entirely bottled, riddled and disgorged by hand.[\/vc_column_text]<\/div><\/div><\/div>[\/vc_column][\/vc_row][vc_row][vc_column]<a href=\"https:\/\/weingut-ehrhart.de\/wp-content\/uploads\/2020\/11\/Weinliste_2026-01.pdf\" class=\"sc_button sc_button_square sc_button_style_filled sc_button_size_large aligncenter\" style=\"color:#ffffff;\">To the order form<\/a>[vc_empty_space height=&#8221;50px&#8221;][vc_empty_space height=&#8221;50px&#8221;][\/vc_column][\/vc_row]<\/p>\n","protected":false},"excerpt":{"rendered":"<p>[vc_row][vc_column][\/vc_column][\/vc_row][vc_row][vc_column][\/vc_column][\/vc_row][vc_row][vc_column][vc_empty_space height=&#8221;50px&#8221;][\/vc_column][\/vc_row][vc_row][vc_column][\/vc_column][\/vc_row][vc_row][vc_column][vc_empty_space height=&#8221;50px&#8221;][vc_empty_space height=&#8221;50px&#8221;][\/vc_column][\/vc_row]<\/p>\n","protected":false},"author":1,"featured_media":741,"parent":0,"menu_order":0,"comment_status":"closed","ping_status":"closed","template":"","meta":[],"yoast_head":"<!-- This site is optimized with the Yoast SEO plugin v19.7.2 - https:\/\/yoast.com\/wordpress\/plugins\/seo\/ -->\n<title>Sparkling wine and more &bull; Bioweingut Ehrhart<\/title>\n<meta name=\"description\" content=\"Weitere Weine, Sekt und Perlweine. Hier ist f\u00fcr jeden etwas dabei.\" \/>\n<meta name=\"robots\" content=\"index, follow, max-snippet:-1, max-image-preview:large, max-video-preview:-1\" \/>\n<link rel=\"canonical\" href=\"https:\/\/weingut-ehrhart.de\/en\/weitereweine\/\" \/>\n<meta property=\"og:locale\" content=\"en_US\" \/>\n<meta property=\"og:type\" content=\"article\" \/>\n<meta property=\"og:title\" content=\"Sparkling wine and more &bull; Bioweingut Ehrhart\" \/>\n<meta property=\"og:description\" content=\"Weitere Weine, Sekt und Perlweine. Hier ist f\u00fcr jeden etwas dabei.\" \/>\n<meta property=\"og:url\" content=\"https:\/\/weingut-ehrhart.de\/en\/weitereweine\/\" \/>\n<meta property=\"og:site_name\" content=\"Bioweingut Ehrhart\" \/>\n<meta property=\"article:modified_time\" content=\"2021-03-12T21:00:27+00:00\" \/>\n<meta property=\"og:image\" content=\"https:\/\/weingut-ehrhart.de\/wp-content\/uploads\/2018\/01\/header_philosophie_1920_IMG_9502_Ehrhart.jpg\" \/>\n\t<meta property=\"og:image:width\" content=\"1920\" \/>\n\t<meta property=\"og:image:height\" content=\"430\" \/>\n\t<meta property=\"og:image:type\" content=\"image\/jpeg\" \/>\n<meta name=\"twitter:card\" content=\"summary_large_image\" \/>\n<meta name=\"twitter:label1\" content=\"Est. reading time\" \/>\n\t<meta name=\"twitter:data1\" content=\"3 minutes\" \/>\n<script type=\"application\/ld+json\" class=\"yoast-schema-graph\">{\"@context\":\"https:\/\/schema.org\",\"@graph\":[{\"@type\":\"WebPage\",\"@id\":\"https:\/\/weingut-ehrhart.de\/en\/weitereweine\/\",\"url\":\"https:\/\/weingut-ehrhart.de\/en\/weitereweine\/\",\"name\":\"Sparkling wine and more &bull; Bioweingut Ehrhart\",\"isPartOf\":{\"@id\":\"https:\/\/weingut-ehrhart.de\/#website\"},\"datePublished\":\"2018-01-27T22:57:53+00:00\",\"dateModified\":\"2021-03-12T21:00:27+00:00\",\"description\":\"Weitere Weine, Sekt und Perlweine. Hier ist f\u00fcr jeden etwas dabei.\",\"breadcrumb\":{\"@id\":\"https:\/\/weingut-ehrhart.de\/en\/weitereweine\/#breadcrumb\"},\"inLanguage\":\"en-US\",\"potentialAction\":[{\"@type\":\"ReadAction\",\"target\":[\"https:\/\/weingut-ehrhart.de\/en\/weitereweine\/\"]}]},{\"@type\":\"BreadcrumbList\",\"@id\":\"https:\/\/weingut-ehrhart.de\/en\/weitereweine\/#breadcrumb\",\"itemListElement\":[{\"@type\":\"ListItem\",\"position\":1,\"name\":\"Startseite\",\"item\":\"https:\/\/weingut-ehrhart.de\/en\/\"},{\"@type\":\"ListItem\",\"position\":2,\"name\":\"Sparkling wine and more\"}]},{\"@type\":\"WebSite\",\"@id\":\"https:\/\/weingut-ehrhart.de\/#website\",\"url\":\"https:\/\/weingut-ehrhart.de\/\",\"name\":\"Bioweingut Ehrhart\",\"description\":\"\",\"potentialAction\":[{\"@type\":\"SearchAction\",\"target\":{\"@type\":\"EntryPoint\",\"urlTemplate\":\"https:\/\/weingut-ehrhart.de\/?s={search_term_string}\"},\"query-input\":\"required name=search_term_string\"}],\"inLanguage\":\"en-US\"}]}<\/script>\n<!-- \/ Yoast SEO plugin. -->","yoast_head_json":{"title":"Sparkling wine and more &bull; Bioweingut Ehrhart","description":"Weitere Weine, Sekt und Perlweine. Hier ist f\u00fcr jeden etwas dabei.","robots":{"index":"index","follow":"follow","max-snippet":"max-snippet:-1","max-image-preview":"max-image-preview:large","max-video-preview":"max-video-preview:-1"},"canonical":"https:\/\/weingut-ehrhart.de\/en\/weitereweine\/","og_locale":"en_US","og_type":"article","og_title":"Sparkling wine and more &bull; Bioweingut Ehrhart","og_description":"Weitere Weine, Sekt und Perlweine. Hier ist f\u00fcr jeden etwas dabei.","og_url":"https:\/\/weingut-ehrhart.de\/en\/weitereweine\/","og_site_name":"Bioweingut Ehrhart","article_modified_time":"2021-03-12T21:00:27+00:00","og_image":[{"width":1920,"height":430,"url":"https:\/\/weingut-ehrhart.de\/wp-content\/uploads\/2018\/01\/header_philosophie_1920_IMG_9502_Ehrhart.jpg","type":"image\/jpeg"}],"twitter_card":"summary_large_image","twitter_misc":{"Est. reading time":"3 minutes"},"schema":{"@context":"https:\/\/schema.org","@graph":[{"@type":"WebPage","@id":"https:\/\/weingut-ehrhart.de\/en\/weitereweine\/","url":"https:\/\/weingut-ehrhart.de\/en\/weitereweine\/","name":"Sparkling wine and more &bull; Bioweingut Ehrhart","isPartOf":{"@id":"https:\/\/weingut-ehrhart.de\/#website"},"datePublished":"2018-01-27T22:57:53+00:00","dateModified":"2021-03-12T21:00:27+00:00","description":"Weitere Weine, Sekt und Perlweine. Hier ist f\u00fcr jeden etwas dabei.","breadcrumb":{"@id":"https:\/\/weingut-ehrhart.de\/en\/weitereweine\/#breadcrumb"},"inLanguage":"en-US","potentialAction":[{"@type":"ReadAction","target":["https:\/\/weingut-ehrhart.de\/en\/weitereweine\/"]}]},{"@type":"BreadcrumbList","@id":"https:\/\/weingut-ehrhart.de\/en\/weitereweine\/#breadcrumb","itemListElement":[{"@type":"ListItem","position":1,"name":"Startseite","item":"https:\/\/weingut-ehrhart.de\/en\/"},{"@type":"ListItem","position":2,"name":"Sparkling wine and more"}]},{"@type":"WebSite","@id":"https:\/\/weingut-ehrhart.de\/#website","url":"https:\/\/weingut-ehrhart.de\/","name":"Bioweingut Ehrhart","description":"","potentialAction":[{"@type":"SearchAction","target":{"@type":"EntryPoint","urlTemplate":"https:\/\/weingut-ehrhart.de\/?s={search_term_string}"},"query-input":"required name=search_term_string"}],"inLanguage":"en-US"}]}},"_links":{"self":[{"href":"https:\/\/weingut-ehrhart.de\/en\/wp-json\/wp\/v2\/pages\/1554"}],"collection":[{"href":"https:\/\/weingut-ehrhart.de\/en\/wp-json\/wp\/v2\/pages"}],"about":[{"href":"https:\/\/weingut-ehrhart.de\/en\/wp-json\/wp\/v2\/types\/page"}],"author":[{"embeddable":true,"href":"https:\/\/weingut-ehrhart.de\/en\/wp-json\/wp\/v2\/users\/1"}],"replies":[{"embeddable":true,"href":"https:\/\/weingut-ehrhart.de\/en\/wp-json\/wp\/v2\/comments?post=1554"}],"version-history":[{"count":5,"href":"https:\/\/weingut-ehrhart.de\/en\/wp-json\/wp\/v2\/pages\/1554\/revisions"}],"predecessor-version":[{"id":2185,"href":"https:\/\/weingut-ehrhart.de\/en\/wp-json\/wp\/v2\/pages\/1554\/revisions\/2185"}],"wp:featuredmedia":[{"embeddable":true,"href":"https:\/\/weingut-ehrhart.de\/en\/wp-json\/wp\/v2\/media\/741"}],"wp:attachment":[{"href":"https:\/\/weingut-ehrhart.de\/en\/wp-json\/wp\/v2\/media?parent=1554"}],"curies":[{"name":"wp","href":"https:\/\/api.w.org\/{rel}","templated":true}]}}