{"id":1551,"date":"2018-01-18T21:47:57","date_gmt":"2018-01-18T20:47:57","guid":{"rendered":"http:\/\/weingut-ehrhart.de\/lagenweine\/"},"modified":"2018-11-13T10:44:18","modified_gmt":"2018-11-13T09:44:18","slug":"lagenweine","status":"publish","type":"page","link":"https:\/\/weingut-ehrhart.de\/en\/lagenweine\/","title":{"rendered":"Single site wines"},"content":{"rendered":"<p>[vc_row][vc_column]<div class=\"sc_section section_style_underline aligncenter\"><div class=\"sc_section_inner\"><h6 class=\"sc_section_subtitle sc_item_subtitle\">OUR WINES<\/h6><h3 class=\"sc_section_title sc_item_title\">Single site wines<\/h3><div class=\"sc_section_descr sc_item_descr\">The term single site wines refers to wines from the highest quality German vineyards. Our best site is Leinsweiler Sonneberg with its mineral-rich red standstone in the east and loess-streaked limestone in the south, followed by Ilbesheimer Rittersberg, where the soil has a high loess content. The wines in this category are without a doubt the best ones produced by our estate.<\/div><div class=\"sc_section_content_wrap\"><\/div><\/div><\/div>[\/vc_column][\/vc_row][vc_row][vc_column]<div class=\"sc_accordion margin_top_tiny margin_bottom_tiny\" data-active=\"0\"><div id=\"sc_accordion_item_1517086526618_1\" class=\"sc_accordion_item odd first\"><h5 class=\"sc_accordion_title\"><span class=\"sc_accordion_icon sc_accordion_icon_closed icon-right\"><\/span><span class=\"sc_accordion_icon sc_accordion_icon_opened icon-down\"><\/span>Nr.20 - 2016 Sonnenberg Riesling<\/h5><div class=\"sc_accordion_content\">[vc_column_text]<img loading=\"lazy\" class=\"wp-image-968 size-medium alignleft\" src=\"https:\/\/weingut-ehrhart.de\/wp-content\/uploads\/2018\/01\/2014_riesling_sonnenberg_altereben-300x300.jpg\" alt=\"\" width=\"300\" height=\"300\" \/><\/p>\n<p>&nbsp;<\/p>\n<p>Sonnenberg single site Riesling: a spicy and delicate citrus scent and peach on the nose. A well-integrated, spontaneous aroma followed by the fine mineral quality of red sandstone.<\/p>\n<p><a href=\"https:\/\/weingut-ehrhart.de\/wp-content\/uploads\/2018\/02\/Nr.20_Riesling_Sonnenberg_2016-DOSIS.pdf\">Download our wine expertise here<\/a>[\/vc_column_text]<\/div><\/div><div class=\"sc_accordion_item even\"><h5 class=\"sc_accordion_title\"><span class=\"sc_accordion_icon sc_accordion_icon_closed icon-right\"><\/span><span class=\"sc_accordion_icon sc_accordion_icon_opened icon-down\"><\/span>Nr.21 - 2015 Rittersberg Riesling<\/h5><div class=\"sc_accordion_content\">[vc_column_text]<img loading=\"lazy\" class=\"wp-image-968 size-medium alignleft\" src=\"https:\/\/weingut-ehrhart.de\/wp-content\/uploads\/2018\/01\/2014_riesling_sonnenberg_altereben-300x300.jpg\" alt=\"\" width=\"300\" height=\"300\" \/><\/p>\n<p>&nbsp;<\/p>\n<p>Fine citrus and peach notes on the nose followed by an earthy, mineral mid-palate. A clean, polished, fruity taste with a hint of ripe tannins on the palate.<\/p>\n<p><a href=\"https:\/\/weingut-ehrhart.de\/wp-content\/uploads\/2018\/02\/Nr.21_Riesling_Rittersberg_2015_DOSIS.pdf\">Download our wine expertise here<\/a>[\/vc_column_text]<\/div><\/div><div class=\"sc_accordion_item odd\"><h5 class=\"sc_accordion_title\"><span class=\"sc_accordion_icon sc_accordion_icon_closed icon-right\"><\/span><span class=\"sc_accordion_icon sc_accordion_icon_opened icon-down\"><\/span>Nr.23 - Sonnenberg Sp\u00e4tburgunder<\/h5><div class=\"sc_accordion_content\">[vc_column_text]<img loading=\"lazy\" class=\"size-medium wp-image-1475 alignleft\" src=\"https:\/\/weingut-ehrhart.de\/wp-content\/uploads\/2018\/03\/2015-Sonnenberg-Sp\u00e4tburgunder-trocken-300x300.jpg\" alt=\"\" width=\"300\" height=\"300\" \/><\/p>\n<p>&nbsp;<\/p>\n<p>A punch of succulent cherry and berry on the palate followed by mineral spiciness and length. Elegant and polished style with a strong acidic bite.<\/p>\n<p><a href=\"https:\/\/weingut-ehrhart.de\/wp-content\/uploads\/2018\/03\/2015_Sonnenberg_Sp\u00e4tburgunder_PDF.pdf\">Download our wine expertise here<\/a>[\/vc_column_text]<\/div><\/div><div class=\"sc_accordion_item even\"><h5 class=\"sc_accordion_title\"><span class=\"sc_accordion_icon sc_accordion_icon_closed icon-right\"><\/span><span class=\"sc_accordion_icon sc_accordion_icon_opened icon-down\"><\/span>Nr.24 - 2015 Cuv\u00e9e Bergwingert<\/h5><div class=\"sc_accordion_content\">[vc_column_text]<img loading=\"lazy\" class=\"size-medium wp-image-1460 alignleft\" src=\"https:\/\/weingut-ehrhart.de\/wp-content\/uploads\/2018\/03\/2015-Bergwingert-Cuvee-trocken-300x300.jpg\" alt=\"\" width=\"300\" height=\"300\" \/><\/p>\n<p>&nbsp;<\/p>\n<p>Our new premium Cabernet Sauvignon &amp; Syrah Cuv\u00e9e: Sonnenberg Cuv\u00e9e Bergwingert. Aged for 25 months in the finest French barrique.<\/p>\n<p><a href=\"https:\/\/weingut-ehrhart.de\/wp-content\/uploads\/2018\/03\/2015_Cuv\u00e9e_Bergwingert_PDF.pdf\">Download our wine expertise here<\/a>[\/vc_column_text]<\/div><\/div><\/div>[\/vc_column][\/vc_row][vc_row][vc_column][vc_empty_space height=&#8221;50px&#8221;][\/vc_column][\/vc_row][vc_row][vc_column]<a href=\"https:\/\/weingut-ehrhart.de\/wp-content\/uploads\/2018\/11\/Web_RZ_Bestellformular_Ehrhart_181105.pdf\" class=\"sc_button sc_button_square sc_button_style_filled sc_button_size_large aligncenter\" style=\"color:#ffffff;\">To the order form<\/a>[\/vc_column][\/vc_row][vc_row][vc_column][vc_empty_space height=&#8221;50px&#8221;][\/vc_column][\/vc_row]<\/p>\n","protected":false},"excerpt":{"rendered":"<p>[vc_row][vc_column][\/vc_column][\/vc_row][vc_row][vc_column][\/vc_column][\/vc_row][vc_row][vc_column][vc_empty_space height=&#8221;50px&#8221;][\/vc_column][\/vc_row][vc_row][vc_column][\/vc_column][\/vc_row][vc_row][vc_column][vc_empty_space height=&#8221;50px&#8221;][\/vc_column][\/vc_row]<\/p>\n","protected":false},"author":1,"featured_media":741,"parent":0,"menu_order":0,"comment_status":"closed","ping_status":"closed","template":"","meta":[],"yoast_head":"<!-- This site is optimized with the Yoast SEO plugin v19.7.2 - https:\/\/yoast.com\/wordpress\/plugins\/seo\/ -->\n<title>Single site wines &bull; Bioweingut Ehrhart<\/title>\n<meta name=\"description\" content=\"Als Lagenweine bezeichnet man Weine aus den hochwertigsten deutschen Weinbergen. Unsere beste Lage ist der Leinsweiler Sonneberg mit mineralischem Buntsandstein im Osten und l\u00f6ssdurchzogenem Kalkgestein im S\u00fcden, gefolgt von dem Ilbesheimer Rittersberg mit kr\u00e4ftigem L\u00f6ssanteil im Boden.\" \/>\n<meta name=\"robots\" content=\"index, follow, max-snippet:-1, max-image-preview:large, max-video-preview:-1\" \/>\n<link rel=\"canonical\" href=\"https:\/\/weingut-ehrhart.de\/en\/lagenweine\/\" \/>\n<meta property=\"og:locale\" content=\"en_US\" \/>\n<meta property=\"og:type\" content=\"article\" \/>\n<meta property=\"og:title\" content=\"Single site wines &bull; Bioweingut Ehrhart\" \/>\n<meta property=\"og:description\" content=\"Als Lagenweine bezeichnet man Weine aus den hochwertigsten deutschen Weinbergen. Unsere beste Lage ist der Leinsweiler Sonneberg mit mineralischem Buntsandstein im Osten und l\u00f6ssdurchzogenem Kalkgestein im S\u00fcden, gefolgt von dem Ilbesheimer Rittersberg mit kr\u00e4ftigem L\u00f6ssanteil im Boden.\" \/>\n<meta property=\"og:url\" content=\"https:\/\/weingut-ehrhart.de\/en\/lagenweine\/\" \/>\n<meta property=\"og:site_name\" content=\"Bioweingut Ehrhart\" \/>\n<meta property=\"article:modified_time\" content=\"2018-11-13T09:44:18+00:00\" \/>\n<meta property=\"og:image\" content=\"https:\/\/weingut-ehrhart.de\/wp-content\/uploads\/2018\/01\/header_philosophie_1920_IMG_9502_Ehrhart.jpg\" \/>\n\t<meta property=\"og:image:width\" content=\"1920\" \/>\n\t<meta property=\"og:image:height\" content=\"430\" \/>\n\t<meta property=\"og:image:type\" content=\"image\/jpeg\" \/>\n<meta name=\"twitter:card\" content=\"summary_large_image\" \/>\n<meta name=\"twitter:label1\" content=\"Est. reading time\" \/>\n\t<meta name=\"twitter:data1\" content=\"2 minutes\" \/>\n<script type=\"application\/ld+json\" class=\"yoast-schema-graph\">{\"@context\":\"https:\/\/schema.org\",\"@graph\":[{\"@type\":\"WebPage\",\"@id\":\"https:\/\/weingut-ehrhart.de\/en\/lagenweine\/\",\"url\":\"https:\/\/weingut-ehrhart.de\/en\/lagenweine\/\",\"name\":\"Single site wines &bull; Bioweingut Ehrhart\",\"isPartOf\":{\"@id\":\"https:\/\/weingut-ehrhart.de\/#website\"},\"datePublished\":\"2018-01-18T20:47:57+00:00\",\"dateModified\":\"2018-11-13T09:44:18+00:00\",\"description\":\"Als Lagenweine bezeichnet man Weine aus den hochwertigsten deutschen Weinbergen. Unsere beste Lage ist der Leinsweiler Sonneberg mit mineralischem Buntsandstein im Osten und l\u00f6ssdurchzogenem Kalkgestein im S\u00fcden, gefolgt von dem Ilbesheimer Rittersberg mit kr\u00e4ftigem L\u00f6ssanteil im Boden.\",\"breadcrumb\":{\"@id\":\"https:\/\/weingut-ehrhart.de\/en\/lagenweine\/#breadcrumb\"},\"inLanguage\":\"en-US\",\"potentialAction\":[{\"@type\":\"ReadAction\",\"target\":[\"https:\/\/weingut-ehrhart.de\/en\/lagenweine\/\"]}]},{\"@type\":\"BreadcrumbList\",\"@id\":\"https:\/\/weingut-ehrhart.de\/en\/lagenweine\/#breadcrumb\",\"itemListElement\":[{\"@type\":\"ListItem\",\"position\":1,\"name\":\"Startseite\",\"item\":\"https:\/\/weingut-ehrhart.de\/en\/\"},{\"@type\":\"ListItem\",\"position\":2,\"name\":\"Single site wines\"}]},{\"@type\":\"WebSite\",\"@id\":\"https:\/\/weingut-ehrhart.de\/#website\",\"url\":\"https:\/\/weingut-ehrhart.de\/\",\"name\":\"Bioweingut Ehrhart\",\"description\":\"\",\"potentialAction\":[{\"@type\":\"SearchAction\",\"target\":{\"@type\":\"EntryPoint\",\"urlTemplate\":\"https:\/\/weingut-ehrhart.de\/?s={search_term_string}\"},\"query-input\":\"required name=search_term_string\"}],\"inLanguage\":\"en-US\"}]}<\/script>\n<!-- \/ Yoast SEO plugin. -->","yoast_head_json":{"title":"Single site wines &bull; Bioweingut Ehrhart","description":"Als Lagenweine bezeichnet man Weine aus den hochwertigsten deutschen Weinbergen. Unsere beste Lage ist der Leinsweiler Sonneberg mit mineralischem Buntsandstein im Osten und l\u00f6ssdurchzogenem Kalkgestein im S\u00fcden, gefolgt von dem Ilbesheimer Rittersberg mit kr\u00e4ftigem L\u00f6ssanteil im Boden.","robots":{"index":"index","follow":"follow","max-snippet":"max-snippet:-1","max-image-preview":"max-image-preview:large","max-video-preview":"max-video-preview:-1"},"canonical":"https:\/\/weingut-ehrhart.de\/en\/lagenweine\/","og_locale":"en_US","og_type":"article","og_title":"Single site wines &bull; Bioweingut Ehrhart","og_description":"Als Lagenweine bezeichnet man Weine aus den hochwertigsten deutschen Weinbergen. Unsere beste Lage ist der Leinsweiler Sonneberg mit mineralischem Buntsandstein im Osten und l\u00f6ssdurchzogenem Kalkgestein im S\u00fcden, gefolgt von dem Ilbesheimer Rittersberg mit kr\u00e4ftigem L\u00f6ssanteil im Boden.","og_url":"https:\/\/weingut-ehrhart.de\/en\/lagenweine\/","og_site_name":"Bioweingut Ehrhart","article_modified_time":"2018-11-13T09:44:18+00:00","og_image":[{"width":1920,"height":430,"url":"https:\/\/weingut-ehrhart.de\/wp-content\/uploads\/2018\/01\/header_philosophie_1920_IMG_9502_Ehrhart.jpg","type":"image\/jpeg"}],"twitter_card":"summary_large_image","twitter_misc":{"Est. reading time":"2 minutes"},"schema":{"@context":"https:\/\/schema.org","@graph":[{"@type":"WebPage","@id":"https:\/\/weingut-ehrhart.de\/en\/lagenweine\/","url":"https:\/\/weingut-ehrhart.de\/en\/lagenweine\/","name":"Single site wines &bull; Bioweingut Ehrhart","isPartOf":{"@id":"https:\/\/weingut-ehrhart.de\/#website"},"datePublished":"2018-01-18T20:47:57+00:00","dateModified":"2018-11-13T09:44:18+00:00","description":"Als Lagenweine bezeichnet man Weine aus den hochwertigsten deutschen Weinbergen. Unsere beste Lage ist der Leinsweiler Sonneberg mit mineralischem Buntsandstein im Osten und l\u00f6ssdurchzogenem Kalkgestein im S\u00fcden, gefolgt von dem Ilbesheimer Rittersberg mit kr\u00e4ftigem L\u00f6ssanteil im Boden.","breadcrumb":{"@id":"https:\/\/weingut-ehrhart.de\/en\/lagenweine\/#breadcrumb"},"inLanguage":"en-US","potentialAction":[{"@type":"ReadAction","target":["https:\/\/weingut-ehrhart.de\/en\/lagenweine\/"]}]},{"@type":"BreadcrumbList","@id":"https:\/\/weingut-ehrhart.de\/en\/lagenweine\/#breadcrumb","itemListElement":[{"@type":"ListItem","position":1,"name":"Startseite","item":"https:\/\/weingut-ehrhart.de\/en\/"},{"@type":"ListItem","position":2,"name":"Single site wines"}]},{"@type":"WebSite","@id":"https:\/\/weingut-ehrhart.de\/#website","url":"https:\/\/weingut-ehrhart.de\/","name":"Bioweingut Ehrhart","description":"","potentialAction":[{"@type":"SearchAction","target":{"@type":"EntryPoint","urlTemplate":"https:\/\/weingut-ehrhart.de\/?s={search_term_string}"},"query-input":"required name=search_term_string"}],"inLanguage":"en-US"}]}},"_links":{"self":[{"href":"https:\/\/weingut-ehrhart.de\/en\/wp-json\/wp\/v2\/pages\/1551"}],"collection":[{"href":"https:\/\/weingut-ehrhart.de\/en\/wp-json\/wp\/v2\/pages"}],"about":[{"href":"https:\/\/weingut-ehrhart.de\/en\/wp-json\/wp\/v2\/types\/page"}],"author":[{"embeddable":true,"href":"https:\/\/weingut-ehrhart.de\/en\/wp-json\/wp\/v2\/users\/1"}],"replies":[{"embeddable":true,"href":"https:\/\/weingut-ehrhart.de\/en\/wp-json\/wp\/v2\/comments?post=1551"}],"version-history":[{"count":3,"href":"https:\/\/weingut-ehrhart.de\/en\/wp-json\/wp\/v2\/pages\/1551\/revisions"}],"predecessor-version":[{"id":1769,"href":"https:\/\/weingut-ehrhart.de\/en\/wp-json\/wp\/v2\/pages\/1551\/revisions\/1769"}],"wp:featuredmedia":[{"embeddable":true,"href":"https:\/\/weingut-ehrhart.de\/en\/wp-json\/wp\/v2\/media\/741"}],"wp:attachment":[{"href":"https:\/\/weingut-ehrhart.de\/en\/wp-json\/wp\/v2\/media?parent=1551"}],"curies":[{"name":"wp","href":"https:\/\/api.w.org\/{rel}","templated":true}]}}