{"id":1548,"date":"2018-01-27T23:51:47","date_gmt":"2018-01-27T22:51:47","guid":{"rendered":"http:\/\/weingut-ehrhart.de\/ortsweine\/"},"modified":"2021-03-12T22:00:29","modified_gmt":"2021-03-12T21:00:29","slug":"ortsweine","status":"publish","type":"page","link":"https:\/\/weingut-ehrhart.de\/en\/ortsweine\/","title":{"rendered":"Local wines"},"content":{"rendered":"<p>[vc_row][vc_column]<div class=\"sc_section section_style_underline aligncenter\"><div class=\"sc_section_inner\"><h6 class=\"sc_section_subtitle sc_item_subtitle\">OUR WINES<\/h6><h3 class=\"sc_section_title sc_item_title\">Local wines<\/h3><div class=\"sc_section_descr sc_item_descr\">Local wines come from high quality traditional vineyards in the districts of Eschbach, G\u00f6cklingen, Ilbesheim and Leinsweiler. They can usually be enjoyed right after purchase, but often reveal their true potential after two to three years.<\/div><div class=\"sc_section_content_wrap\"><\/div><\/div><\/div>[\/vc_column][\/vc_row][vc_row][vc_column]<div class=\"sc_accordion margin_top_tiny margin_bottom_tiny\" data-active=\"0\"><div class=\"sc_accordion_item odd first\"><h5 class=\"sc_accordion_title\"><span class=\"sc_accordion_icon sc_accordion_icon_closed icon-right\"><\/span><span class=\"sc_accordion_icon sc_accordion_icon_opened icon-down\"><\/span>Nr.11 - Leinsweiler Riesling<\/h5><div class=\"sc_accordion_content\">[vc_column_text]<img loading=\"lazy\" class=\"size-medium wp-image-1478 alignleft\" src=\"https:\/\/weingut-ehrhart.de\/wp-content\/uploads\/2018\/03\/2016-Leinsweiler-Riesling-trocken-300x300.jpg\" alt=\"\" width=\"300\" height=\"300\" \/><\/p>\n<p>&nbsp;<\/p>\n<p>&nbsp;<\/p>\n<p>White peach and citrus on the nose followed by a very fine and full mouthfeel and a mineral, spicy finish.<\/p>\n<p><a href=\"https:\/\/weingut-ehrhart.de\/wp-content\/uploads\/2018\/03\/2016_Leinsweiler_Riesling_PDF.pdf\">Download our wine expertise here<\/a>[\/vc_column_text]<\/div><\/div><div class=\"sc_accordion_item even\"><h5 class=\"sc_accordion_title\"><span class=\"sc_accordion_icon sc_accordion_icon_closed icon-right\"><\/span><span class=\"sc_accordion_icon sc_accordion_icon_opened icon-down\"><\/span>Nr.13 - Ilbesheim Grau- & Wei\u00dfburgunder<\/h5><div class=\"sc_accordion_content\">[vc_column_text]<img loading=\"lazy\" class=\"size-medium wp-image-1482 alignleft\" src=\"https:\/\/weingut-ehrhart.de\/wp-content\/uploads\/2018\/03\/2017-Ilbesheim-Grau-und-Wei\u00dfburgunder-trocken-300x300.jpg\" alt=\"\" width=\"300\" height=\"300\" \/><\/p>\n<p>&nbsp;<\/p>\n<p>&nbsp;<\/p>\n<p>A charming and pleasant accompaniment to a meal. The strong savouriness of Pinot Gris is refined with the freshness of Pinot Blanc.<\/p>\n<p><a href=\"https:\/\/weingut-ehrhart.de\/wp-content\/uploads\/2018\/03\/2016_Ilbesheim_Grau-Wei\u00dfburgunder_PDF.pdf\">Download our wine expertise here<\/a>[\/vc_column_text]<\/div><\/div><div class=\"sc_accordion_item odd\"><h5 class=\"sc_accordion_title\"><span class=\"sc_accordion_icon sc_accordion_icon_closed icon-right\"><\/span><span class=\"sc_accordion_icon sc_accordion_icon_opened icon-down\"><\/span>Nr.14 - Eschbach Chardonnay<\/h5><div class=\"sc_accordion_content\">[vc_column_text]<img loading=\"lazy\" class=\"size-medium wp-image-1476 alignleft\" src=\"https:\/\/weingut-ehrhart.de\/wp-content\/uploads\/2018\/03\/2016-Eschbach-Chardonnay-trocken-300x300.jpg\" alt=\"\" width=\"300\" height=\"300\" \/><\/p>\n<p>&nbsp;<\/p>\n<p>&nbsp;<\/p>\n<p>Creamy fresh Chardonnay from our Eschbach vineyards. Aged sur lie and matured in a steel tank for a wine with a pronounced fruity taste characterised by a fine acidity.<\/p>\n<p><a href=\"https:\/\/weingut-ehrhart.de\/wp-content\/uploads\/2018\/03\/2016_Eschbach_Chardonnay_PDF.pdf\">Download our wine expertise here<\/a>[\/vc_column_text]<\/div><\/div><div id=\"sc_accordion_item_1517086526618_1\" class=\"sc_accordion_item even\"><h5 class=\"sc_accordion_title\"><span class=\"sc_accordion_icon sc_accordion_icon_closed icon-right\"><\/span><span class=\"sc_accordion_icon sc_accordion_icon_opened icon-down\"><\/span>Nr.15 - Inceptum Wei\u00dfweincuv\u00e9e<\/h5><div class=\"sc_accordion_content\">[vc_column_text]<img loading=\"lazy\" class=\"size-thumbnail wp-image-1241 alignleft\" src=\"https:\/\/weingut-ehrhart.de\/wp-content\/uploads\/2018\/02\/2015_inceptum-683x1024-1-150x150.jpg\" alt=\"\" width=\"150\" height=\"150\" \/><\/p>\n<p>&nbsp;<\/p>\n<p>Now bottled for the fourth time, this exciting white cuv\u00e9e is enjoying an ever-increasing popularity. Together with our vintner friend Stefan Bietigh\u00f6fer from M\u00fchlhofen, we have combined Scheurebe with Pinot Blanc and aged the wine in wood.<\/p>\n<p><a href=\"https:\/\/weingut-ehrhart.de\/wp-content\/uploads\/2018\/02\/Nr.15_Inceptum_2016_DOSIS.pdf\">Download our wine expertise here<\/a>[\/vc_column_text]<\/div><\/div><div id=\"sc_accordion_item_1517086526618_1\" class=\"sc_accordion_item odd\"><h5 class=\"sc_accordion_title\"><span class=\"sc_accordion_icon sc_accordion_icon_closed icon-right\"><\/span><span class=\"sc_accordion_icon sc_accordion_icon_opened icon-down\"><\/span>Nr.16 - Cuv\u00e9e Ros\u00e9 <\/h5><div class=\"sc_accordion_content\">[vc_column_text]<img loading=\"lazy\" class=\"size-medium wp-image-1479 alignleft\" src=\"https:\/\/weingut-ehrhart.de\/wp-content\/uploads\/2018\/03\/2017-Cuvee-Rose-trocken-300x300.jpg\" alt=\"\" width=\"300\" height=\"300\" \/><\/p>\n<p>&nbsp;<\/p>\n<p>&nbsp;<\/p>\n<p>Pinot Noir\/Pinot Meunier\/Syrah: our lively, discerning cuv\u00e9e ros\u00e9 matures for four months in the barrique, giving this wine a decent tannin, good concentration and the typical light quality of a ros\u00e9.<\/p>\n<p><a href=\"https:\/\/weingut-ehrhart.de\/wp-content\/uploads\/2018\/03\/2017_Cuv\u00e9e-Ros\u00e9_PDF.pdf\">Download our wine expertise here<\/a>[\/vc_column_text]<\/div><\/div><div id=\"sc_accordion_item_1517086526618_1\" class=\"sc_accordion_item even\"><h5 class=\"sc_accordion_title\"><span class=\"sc_accordion_icon sc_accordion_icon_closed icon-right\"><\/span><span class=\"sc_accordion_icon sc_accordion_icon_opened icon-down\"><\/span>Nr.17 - G\u00f6cklingen Sp\u00e4tburgunder<\/h5><div class=\"sc_accordion_content\">[vc_column_text]<img loading=\"lazy\" class=\"size-medium wp-image-1474 alignleft\" src=\"https:\/\/weingut-ehrhart.de\/wp-content\/uploads\/2018\/03\/2015-G\u00f6cklingen-Sp\u00e4tburgunder-trocken-300x300.jpg\" alt=\"\" width=\"300\" height=\"300\" \/><\/p>\n<p>&nbsp;<\/p>\n<p>One of the classics from the Ehrhart estate: G\u00f6cklingen Pinot Noir. Clear fruit with cherry and red berries. Very straightforward in taste with a full, fine tannin, decent and very well integrated wood with a fine acidic bite<\/p>\n<p><a href=\"https:\/\/weingut-ehrhart.de\/wp-content\/uploads\/2018\/03\/2015_G\u00f6cklingen_Sp\u00e4tburgunder_PDF.pdf\">Download our wine expertise here<\/a>[\/vc_column_text]<\/div><\/div><div id=\"sc_accordion_item_1517086526618_1\" class=\"sc_accordion_item odd\"><h5 class=\"sc_accordion_title\"><span class=\"sc_accordion_icon sc_accordion_icon_closed icon-right\"><\/span><span class=\"sc_accordion_icon sc_accordion_icon_opened icon-down\"><\/span>Nr.18 - Eschbach Sp\u00e4tburgunder ``R``<\/h5><div class=\"sc_accordion_content\">[vc_column_text]<img loading=\"lazy\" class=\"size-medium wp-image-1477 alignleft\" src=\"https:\/\/weingut-ehrhart.de\/wp-content\/uploads\/2018\/03\/2016-Eschbach-Sp\u00e4tburgunder-R-trocken-300x300.jpg\" alt=\"\" width=\"300\" height=\"300\" \/><\/p>\n<p>&nbsp;<\/p>\n<p>&nbsp;<\/p>\n<p>Rich and fruity with flavours of wild cherry and raspberry, filigree tannin on the palate. A decent and very well integrated wood with a fine acidic bite gives an elegant touch to this Pinot.<\/p>\n<p><a href=\"https:\/\/weingut-ehrhart.de\/wp-content\/uploads\/2018\/03\/2016_Eschbach_Sp\u00e4tburgunder_R_PDF.pdf\">Download our wine expertise here<\/a>[\/vc_column_text]<\/div><\/div><div id=\"sc_accordion_item_1517086526618_1\" class=\"sc_accordion_item even\"><h5 class=\"sc_accordion_title\"><span class=\"sc_accordion_icon sc_accordion_icon_closed icon-right\"><\/span><span class=\"sc_accordion_icon sc_accordion_icon_opened icon-down\"><\/span>Nr.19 - Eschbach Portugieser ``R``<\/h5><div class=\"sc_accordion_content\">[vc_column_text]<img loading=\"lazy\" class=\"size-thumbnail wp-image-1201 alignleft\" src=\"https:\/\/weingut-ehrhart.de\/wp-content\/uploads\/2018\/02\/2015_Eschbach_Portugierser-683x1024-150x150.jpg\" alt=\"\" width=\"150\" height=\"150\" \/><\/p>\n<p>&nbsp;<\/p>\n<p>Portugieser with a twist: delicately spicy and cool cherry fruit, pleasant tannins once more with a spicy fruit and a distinctive character.<\/p>\n<p><a href=\"https:\/\/weingut-ehrhart.de\/wp-content\/uploads\/2018\/02\/Nr.19_Portugieser_Eschbach_2015_DOSIS.pdf\">Download our wine expertise here<\/a>[\/vc_column_text]<\/div><\/div><\/div>[\/vc_column][\/vc_row][vc_row][vc_column][vc_empty_space height=&#8221;50px&#8221;][\/vc_column][\/vc_row][vc_row][vc_column]<a href=\"https:\/\/weingut-ehrhart.de\/wp-content\/uploads\/2020\/11\/Weinliste_2026-01.pdf\" class=\"sc_button sc_button_square sc_button_style_filled sc_button_size_large aligncenter\">To the order form<\/a>[\/vc_column][\/vc_row][vc_row][vc_column][vc_empty_space height=&#8221;50px&#8221;][\/vc_column][\/vc_row]<\/p>\n","protected":false},"excerpt":{"rendered":"<p>[vc_row][vc_column][\/vc_column][\/vc_row][vc_row][vc_column][\/vc_column][\/vc_row][vc_row][vc_column][vc_empty_space height=&#8221;50px&#8221;][\/vc_column][\/vc_row][vc_row][vc_column][\/vc_column][\/vc_row][vc_row][vc_column][vc_empty_space height=&#8221;50px&#8221;][\/vc_column][\/vc_row]<\/p>\n","protected":false},"author":1,"featured_media":741,"parent":0,"menu_order":0,"comment_status":"closed","ping_status":"closed","template":"","meta":[],"yoast_head":"<!-- This site is optimized with the Yoast SEO plugin v19.7.2 - https:\/\/yoast.com\/wordpress\/plugins\/seo\/ -->\n<title>Local wines &bull; Bioweingut Ehrhart<\/title>\n<meta name=\"description\" content=\"Ortsweine stammen aus hochwertigen &amp; traditionellen Weinbergen aus den Orten Eschbach, G\u00f6cklingen, Ilbesheim oder Leinsweiler. Meist gleich ab Verkauf trinkreif, zeigen diese Weine doch oft erst nach 2-3 Jahren ihr wahres Potenzial.\" \/>\n<meta name=\"robots\" content=\"index, follow, max-snippet:-1, max-image-preview:large, max-video-preview:-1\" \/>\n<link rel=\"canonical\" href=\"https:\/\/weingut-ehrhart.de\/en\/ortsweine\/\" \/>\n<meta property=\"og:locale\" content=\"en_US\" \/>\n<meta property=\"og:type\" content=\"article\" \/>\n<meta property=\"og:title\" content=\"Local wines &bull; Bioweingut Ehrhart\" \/>\n<meta property=\"og:description\" content=\"Ortsweine stammen aus hochwertigen &amp; traditionellen Weinbergen aus den Orten Eschbach, G\u00f6cklingen, Ilbesheim oder Leinsweiler. Meist gleich ab Verkauf trinkreif, zeigen diese Weine doch oft erst nach 2-3 Jahren ihr wahres Potenzial.\" \/>\n<meta property=\"og:url\" content=\"https:\/\/weingut-ehrhart.de\/en\/ortsweine\/\" \/>\n<meta property=\"og:site_name\" content=\"Bioweingut Ehrhart\" \/>\n<meta property=\"article:modified_time\" content=\"2021-03-12T21:00:29+00:00\" \/>\n<meta property=\"og:image\" content=\"https:\/\/weingut-ehrhart.de\/wp-content\/uploads\/2018\/01\/header_philosophie_1920_IMG_9502_Ehrhart.jpg\" \/>\n\t<meta property=\"og:image:width\" content=\"1920\" \/>\n\t<meta property=\"og:image:height\" content=\"430\" \/>\n\t<meta property=\"og:image:type\" content=\"image\/jpeg\" \/>\n<meta name=\"twitter:card\" content=\"summary_large_image\" \/>\n<meta name=\"twitter:label1\" content=\"Est. reading time\" \/>\n\t<meta name=\"twitter:data1\" content=\"3 minutes\" \/>\n<script type=\"application\/ld+json\" class=\"yoast-schema-graph\">{\"@context\":\"https:\/\/schema.org\",\"@graph\":[{\"@type\":\"WebPage\",\"@id\":\"https:\/\/weingut-ehrhart.de\/en\/ortsweine\/\",\"url\":\"https:\/\/weingut-ehrhart.de\/en\/ortsweine\/\",\"name\":\"Local wines &bull; Bioweingut Ehrhart\",\"isPartOf\":{\"@id\":\"https:\/\/weingut-ehrhart.de\/#website\"},\"datePublished\":\"2018-01-27T22:51:47+00:00\",\"dateModified\":\"2021-03-12T21:00:29+00:00\",\"description\":\"Ortsweine stammen aus hochwertigen & traditionellen Weinbergen aus den Orten Eschbach, G\u00f6cklingen, Ilbesheim oder Leinsweiler. Meist gleich ab Verkauf trinkreif, zeigen diese Weine doch oft erst nach 2-3 Jahren ihr wahres Potenzial.\",\"breadcrumb\":{\"@id\":\"https:\/\/weingut-ehrhart.de\/en\/ortsweine\/#breadcrumb\"},\"inLanguage\":\"en-US\",\"potentialAction\":[{\"@type\":\"ReadAction\",\"target\":[\"https:\/\/weingut-ehrhart.de\/en\/ortsweine\/\"]}]},{\"@type\":\"BreadcrumbList\",\"@id\":\"https:\/\/weingut-ehrhart.de\/en\/ortsweine\/#breadcrumb\",\"itemListElement\":[{\"@type\":\"ListItem\",\"position\":1,\"name\":\"Startseite\",\"item\":\"https:\/\/weingut-ehrhart.de\/en\/\"},{\"@type\":\"ListItem\",\"position\":2,\"name\":\"Local wines\"}]},{\"@type\":\"WebSite\",\"@id\":\"https:\/\/weingut-ehrhart.de\/#website\",\"url\":\"https:\/\/weingut-ehrhart.de\/\",\"name\":\"Bioweingut Ehrhart\",\"description\":\"\",\"potentialAction\":[{\"@type\":\"SearchAction\",\"target\":{\"@type\":\"EntryPoint\",\"urlTemplate\":\"https:\/\/weingut-ehrhart.de\/?s={search_term_string}\"},\"query-input\":\"required name=search_term_string\"}],\"inLanguage\":\"en-US\"}]}<\/script>\n<!-- \/ Yoast SEO plugin. -->","yoast_head_json":{"title":"Local wines &bull; Bioweingut Ehrhart","description":"Ortsweine stammen aus hochwertigen & traditionellen Weinbergen aus den Orten Eschbach, G\u00f6cklingen, Ilbesheim oder Leinsweiler. Meist gleich ab Verkauf trinkreif, zeigen diese Weine doch oft erst nach 2-3 Jahren ihr wahres Potenzial.","robots":{"index":"index","follow":"follow","max-snippet":"max-snippet:-1","max-image-preview":"max-image-preview:large","max-video-preview":"max-video-preview:-1"},"canonical":"https:\/\/weingut-ehrhart.de\/en\/ortsweine\/","og_locale":"en_US","og_type":"article","og_title":"Local wines &bull; Bioweingut Ehrhart","og_description":"Ortsweine stammen aus hochwertigen & traditionellen Weinbergen aus den Orten Eschbach, G\u00f6cklingen, Ilbesheim oder Leinsweiler. Meist gleich ab Verkauf trinkreif, zeigen diese Weine doch oft erst nach 2-3 Jahren ihr wahres Potenzial.","og_url":"https:\/\/weingut-ehrhart.de\/en\/ortsweine\/","og_site_name":"Bioweingut Ehrhart","article_modified_time":"2021-03-12T21:00:29+00:00","og_image":[{"width":1920,"height":430,"url":"https:\/\/weingut-ehrhart.de\/wp-content\/uploads\/2018\/01\/header_philosophie_1920_IMG_9502_Ehrhart.jpg","type":"image\/jpeg"}],"twitter_card":"summary_large_image","twitter_misc":{"Est. reading time":"3 minutes"},"schema":{"@context":"https:\/\/schema.org","@graph":[{"@type":"WebPage","@id":"https:\/\/weingut-ehrhart.de\/en\/ortsweine\/","url":"https:\/\/weingut-ehrhart.de\/en\/ortsweine\/","name":"Local wines &bull; Bioweingut Ehrhart","isPartOf":{"@id":"https:\/\/weingut-ehrhart.de\/#website"},"datePublished":"2018-01-27T22:51:47+00:00","dateModified":"2021-03-12T21:00:29+00:00","description":"Ortsweine stammen aus hochwertigen & traditionellen Weinbergen aus den Orten Eschbach, G\u00f6cklingen, Ilbesheim oder Leinsweiler. Meist gleich ab Verkauf trinkreif, zeigen diese Weine doch oft erst nach 2-3 Jahren ihr wahres Potenzial.","breadcrumb":{"@id":"https:\/\/weingut-ehrhart.de\/en\/ortsweine\/#breadcrumb"},"inLanguage":"en-US","potentialAction":[{"@type":"ReadAction","target":["https:\/\/weingut-ehrhart.de\/en\/ortsweine\/"]}]},{"@type":"BreadcrumbList","@id":"https:\/\/weingut-ehrhart.de\/en\/ortsweine\/#breadcrumb","itemListElement":[{"@type":"ListItem","position":1,"name":"Startseite","item":"https:\/\/weingut-ehrhart.de\/en\/"},{"@type":"ListItem","position":2,"name":"Local wines"}]},{"@type":"WebSite","@id":"https:\/\/weingut-ehrhart.de\/#website","url":"https:\/\/weingut-ehrhart.de\/","name":"Bioweingut Ehrhart","description":"","potentialAction":[{"@type":"SearchAction","target":{"@type":"EntryPoint","urlTemplate":"https:\/\/weingut-ehrhart.de\/?s={search_term_string}"},"query-input":"required name=search_term_string"}],"inLanguage":"en-US"}]}},"_links":{"self":[{"href":"https:\/\/weingut-ehrhart.de\/en\/wp-json\/wp\/v2\/pages\/1548"}],"collection":[{"href":"https:\/\/weingut-ehrhart.de\/en\/wp-json\/wp\/v2\/pages"}],"about":[{"href":"https:\/\/weingut-ehrhart.de\/en\/wp-json\/wp\/v2\/types\/page"}],"author":[{"embeddable":true,"href":"https:\/\/weingut-ehrhart.de\/en\/wp-json\/wp\/v2\/users\/1"}],"replies":[{"embeddable":true,"href":"https:\/\/weingut-ehrhart.de\/en\/wp-json\/wp\/v2\/comments?post=1548"}],"version-history":[{"count":4,"href":"https:\/\/weingut-ehrhart.de\/en\/wp-json\/wp\/v2\/pages\/1548\/revisions"}],"predecessor-version":[{"id":2186,"href":"https:\/\/weingut-ehrhart.de\/en\/wp-json\/wp\/v2\/pages\/1548\/revisions\/2186"}],"wp:featuredmedia":[{"embeddable":true,"href":"https:\/\/weingut-ehrhart.de\/en\/wp-json\/wp\/v2\/media\/741"}],"wp:attachment":[{"href":"https:\/\/weingut-ehrhart.de\/en\/wp-json\/wp\/v2\/media?parent=1548"}],"curies":[{"name":"wp","href":"https:\/\/api.w.org\/{rel}","templated":true}]}}