{"id":1545,"date":"2018-01-27T23:52:43","date_gmt":"2018-01-27T22:52:43","guid":{"rendered":"http:\/\/weingut-ehrhart.de\/gutsweine\/"},"modified":"2021-03-12T22:00:45","modified_gmt":"2021-03-12T21:00:45","slug":"gutsweine-2","status":"publish","type":"page","link":"https:\/\/weingut-ehrhart.de\/en\/gutsweine-2\/","title":{"rendered":"Estate wines"},"content":{"rendered":"<p>[vc_row][vc_column]<div class=\"sc_section section_style_underline aligncenter\"><div class=\"sc_section_inner\"><h6 class=\"sc_section_subtitle sc_item_subtitle\">OUR WINES<\/h6><h3 class=\"sc_section_title sc_item_title\">Estate wines<\/h3><div class=\"sc_section_descr sc_item_descr\">Uncomplicated young wines that mature quickly. They have a pleasant finish and are typical for the variety.<\/div><div class=\"sc_section_content_wrap\"><\/div><\/div><\/div>[\/vc_column][\/vc_row][vc_row][vc_column]<div class=\"sc_accordion margin_top_tiny margin_bottom_tiny\" data-active=\"0\"><div id=\"sc_accordion_item_1517086526618_1\" class=\"sc_accordion_item odd first\"><h5 class=\"sc_accordion_title\"><span class=\"sc_accordion_icon sc_accordion_icon_closed icon-right\"><\/span><span class=\"sc_accordion_icon sc_accordion_icon_opened icon-down\"><\/span>Nr.2 - 2019 Grauburgunder trocken <\/h5><div class=\"sc_accordion_content\">[vc_column_text]<img loading=\"lazy\" class=\"size-medium wp-image-1481 alignleft\" src=\"https:\/\/weingut-ehrhart.de\/wp-content\/uploads\/2018\/03\/2017-Grauburgunder-trocken-300x300.jpg\" alt=\"\" width=\"300\" height=\"300\" \/><\/p>\n<p>&nbsp;<\/p>\n<p>&nbsp;<\/p>\n<p>The fruity and pleasing everyday wine: fresh aromas of pear, melon and pineapple with subtle acidity: 2019 Grauburgunder trocken (dry)<\/p>\n<p><a href=\"https:\/\/weingut-ehrhart.de\/wp-content\/uploads\/2020\/02\/02-2019_Grauburgunder_Gutswein.pdf\">Download our wine expertise here<\/a><\/p>\n<p>Biowein\/Deutscher Qualit\u00e4tswein\/12,5%vol.\/Enth\u00e4lt Sulfite[\/vc_column_text]<\/div><\/div><div id=\"sc_accordion_item_1517086526618_1\" class=\"sc_accordion_item even\"><h5 class=\"sc_accordion_title\"><span class=\"sc_accordion_icon sc_accordion_icon_closed icon-right\"><\/span><span class=\"sc_accordion_icon sc_accordion_icon_opened icon-down\"><\/span>Nr.3 - 2019 Wei\u00dfburgunder trocken<\/h5><div class=\"sc_accordion_content\">[vc_column_text]<img loading=\"lazy\" class=\"alignleft size-medium wp-image-1975\" src=\"https:\/\/weingut-ehrhart.de\/wp-content\/uploads\/2020\/02\/03_Weissburgunder_trocken-300x300.png\" alt=\"\" width=\"300\" height=\"300\" \/><\/p>\n<p>&nbsp;<\/p>\n<p>&nbsp;<\/p>\n<p>Pineapple, some citrus and pear dominate this fresh Pinot Blanc, which is carried by its well integrated acidity<\/p>\n<p><a href=\"https:\/\/weingut-ehrhart.de\/wp-content\/uploads\/2020\/02\/03-2019_Wei\u00dfburgunder_Gutswein.pdf\">Download our wine expertise here<\/a><\/p>\n<p>Organic wine\/German quality wine\/12.5% vol.\/contains sulphites[\/vc_column_text]<\/div><\/div><div class=\"sc_accordion_item odd\"><h5 class=\"sc_accordion_title\"><span class=\"sc_accordion_icon sc_accordion_icon_closed icon-right\"><\/span><span class=\"sc_accordion_icon sc_accordion_icon_opened icon-down\"><\/span>Nr.4 - 2018 Blanc de Noir trocken <\/h5><div class=\"sc_accordion_content\">[vc_column_text]<img loading=\"lazy\" class=\"alignleft wp-image-1654 size-medium\" src=\"https:\/\/weingut-ehrhart.de\/wp-content\/uploads\/2018\/05\/Blanc-De-Noir-2017-trocken-300x300.jpg\" alt=\"\" width=\"300\" height=\"300\" \/><\/p>\n<p>&nbsp;<\/p>\n<p>&nbsp;<\/p>\n<p>White enjoyment from red grapes: the lightly pressed Pinot Noir Blanc<\/p>\n<p><a href=\"https:\/\/weingut-ehrhart.de\/wp-content\/uploads\/2018\/05\/04-2017_Blanc_de-Noir.pdf\">Download our wine expertise here<\/a><\/p>\n<p>Organic wine\/German quality wine\/12% vol.\/contains sulphites[\/vc_column_text]<\/div><\/div><div class=\"sc_accordion_item even\"><h5 class=\"sc_accordion_title\"><span class=\"sc_accordion_icon sc_accordion_icon_closed icon-right\"><\/span><span class=\"sc_accordion_icon sc_accordion_icon_opened icon-down\"><\/span>Nr.5 - 2019 Gelber Muskateller trocken <\/h5><div class=\"sc_accordion_content\">[vc_column_text]<img loading=\"lazy\" class=\"alignleft wp-image-1841 size-medium\" src=\"https:\/\/weingut-ehrhart.de\/wp-content\/uploads\/2019\/06\/05_Gelber-Muskateller_trocken-150x150.png\" alt=\"\" width=\"300\" height=\"300\" \/><\/p>\n<p>&nbsp;<\/p>\n<p>&nbsp;<\/p>\n<p>The fruity and light summer wine with intense aroma and tangy acid<\/p>\n<p><a href=\"https:\/\/weingut-ehrhart.de\/wp-content\/uploads\/2020\/02\/05-2019_Gelber-Muskateller_Gutswein.pdf\">Download our wine expertise here<\/a><\/p>\n<p>Organic wine\/German quality wine\/11.5% vol.\/contains sulphites[\/vc_column_text]<\/div><\/div><div id=\"sc_accordion_item_1517086526618_1\" class=\"sc_accordion_item odd\"><h5 class=\"sc_accordion_title\"><span class=\"sc_accordion_icon sc_accordion_icon_closed icon-right\"><\/span><span class=\"sc_accordion_icon sc_accordion_icon_opened icon-down\"><\/span>Nr.6 - 2019 Sauvignon Blanc trocken<\/h5><div class=\"sc_accordion_content\">[vc_column_text]<img loading=\"lazy\" class=\"alignleft size-medium wp-image-1980\" src=\"https:\/\/weingut-ehrhart.de\/wp-content\/uploads\/2020\/02\/06_Sauvignon-Blanc_trocken-300x300.png\" alt=\"\" width=\"300\" height=\"300\" \/><\/p>\n<p>&nbsp;<\/p>\n<p>yellow fruits, hay, some gooseberry &amp; a touch of stinging nettle describe the variety of aromas of this ripe Sauvignon<\/p>\n<p><a href=\"https:\/\/weingut-ehrhart.de\/wp-content\/uploads\/2020\/02\/06-2019_Sauvignon_Blanc_Gutswein.pdf\">Download our wine expertise here<\/a><\/p>\n<p>Download our wine expertise here[\/vc_column_text]<\/div><\/div><div id=\"sc_accordion_item_1517086526618_1\" class=\"sc_accordion_item even\"><h5 class=\"sc_accordion_title\"><span class=\"sc_accordion_icon sc_accordion_icon_closed icon-right\"><\/span><span class=\"sc_accordion_icon sc_accordion_icon_opened icon-down\"><\/span>Nr.7 - 2018 Gew\u00fcrztraminer halbtrocken<\/h5><div class=\"sc_accordion_content\">[vc_column_text]<img loading=\"lazy\" class=\"alignleft wp-image-1842 size-medium\" src=\"https:\/\/weingut-ehrhart.de\/wp-content\/uploads\/2019\/06\/07_Gewuerztraminer_halbtrocken-150x150.png\" alt=\"\" width=\"300\" height=\"300\" \/><\/p>\n<p>&nbsp;<\/p>\n<p>semi-dry matured, this Gew\u00fcrztraminer captivates with its intense and yet not obtrusive nature<\/p>\n<p><a href=\"https:\/\/weingut-ehrhart.de\/wp-content\/uploads\/2019\/06\/07-2018_Gew\u00fcrztraminer.pdf\">Download our wine expertise here<\/a><\/p>\n<p>Organic wine\/German quality wine\/12%vol\/contains sulphites[\/vc_column_text]<\/div><\/div><div class=\"sc_accordion_item odd\"><h5 class=\"sc_accordion_title\"><span class=\"sc_accordion_icon sc_accordion_icon_closed icon-right\"><\/span><span class=\"sc_accordion_icon sc_accordion_icon_opened icon-down\"><\/span>Nr.8 - 2019 Inspiration Sommer <\/h5><div class=\"sc_accordion_content\">[vc_column_text]<img loading=\"lazy\" class=\"alignleft wp-image-1843 size-medium\" src=\"https:\/\/weingut-ehrhart.de\/wp-content\/uploads\/2019\/06\/Inspiration-Sommer-300x300.jpg\" alt=\"\" width=\"300\" height=\"300\" \/><\/p>\n<p>&nbsp;<\/p>\n<p>Riesling, Gew\u00fcrztraminer and M\u00fcller-Thurgau make this summer cuv\u00e9e the ideal terrace companion on warm days. It is semi-dry aged, with a light alcohol content.<\/p>\n<p><a href=\"https:\/\/weingut-ehrhart.de\/wp-content\/uploads\/2020\/02\/08-2019_Inspiration-Sommer.pdf\">Download our wine expertise here<\/a><\/p>\n<p>German quality wine\/12%vol\/contains sulfites[\/vc_column_text]<\/div><\/div><\/div>[\/vc_column][\/vc_row][vc_row][vc_column][vc_empty_space height=&#8221;50px&#8221;][\/vc_column][\/vc_row][vc_row][vc_column]<a href=\"https:\/\/weingut-ehrhart.de\/wp-content\/uploads\/2020\/11\/Weinliste_2026-01.pdf\" class=\"sc_button sc_button_square sc_button_style_filled sc_button_size_large aligncenter\" style=\"color:#ffffff;\">To the order form<\/a>[vc_empty_space height=&#8221;50px&#8221;][vc_empty_space height=&#8221;50px&#8221;][\/vc_column][\/vc_row]<\/p>\n","protected":false},"excerpt":{"rendered":"<p>[vc_row][vc_column][\/vc_column][\/vc_row][vc_row][vc_column][\/vc_column][\/vc_row][vc_row][vc_column][vc_empty_space height=&#8221;50px&#8221;][\/vc_column][\/vc_row][vc_row][vc_column][vc_empty_space height=&#8221;50px&#8221;][vc_empty_space height=&#8221;50px&#8221;][\/vc_column][\/vc_row]<\/p>\n","protected":false},"author":1,"featured_media":741,"parent":0,"menu_order":0,"comment_status":"closed","ping_status":"closed","template":"","meta":[],"yoast_head":"<!-- This site is optimized with the Yoast SEO plugin v19.7.2 - https:\/\/yoast.com\/wordpress\/plugins\/seo\/ -->\n<title>Estate wines &bull; Bioweingut Ehrhart<\/title>\n<meta name=\"description\" content=\"Unkomplizierte, jugendliche Weine mit sofortiger Trinkreife. Sortentypischer Ausbau mit hohem Trinkfluss stehen hier im Vordergrund.\" \/>\n<meta name=\"robots\" content=\"index, follow, max-snippet:-1, max-image-preview:large, max-video-preview:-1\" \/>\n<link rel=\"canonical\" href=\"https:\/\/weingut-ehrhart.de\/en\/gutsweine-2\/\" \/>\n<meta property=\"og:locale\" content=\"en_US\" \/>\n<meta property=\"og:type\" content=\"article\" \/>\n<meta property=\"og:title\" content=\"Estate wines &bull; Bioweingut Ehrhart\" \/>\n<meta property=\"og:description\" content=\"Unkomplizierte, jugendliche Weine mit sofortiger Trinkreife. Sortentypischer Ausbau mit hohem Trinkfluss stehen hier im Vordergrund.\" \/>\n<meta property=\"og:url\" content=\"https:\/\/weingut-ehrhart.de\/en\/gutsweine-2\/\" \/>\n<meta property=\"og:site_name\" content=\"Bioweingut Ehrhart\" \/>\n<meta property=\"article:modified_time\" content=\"2021-03-12T21:00:45+00:00\" \/>\n<meta property=\"og:image\" content=\"https:\/\/weingut-ehrhart.de\/wp-content\/uploads\/2018\/01\/header_philosophie_1920_IMG_9502_Ehrhart.jpg\" \/>\n\t<meta property=\"og:image:width\" content=\"1920\" \/>\n\t<meta property=\"og:image:height\" content=\"430\" \/>\n\t<meta property=\"og:image:type\" content=\"image\/jpeg\" \/>\n<meta name=\"twitter:card\" content=\"summary_large_image\" \/>\n<meta name=\"twitter:label1\" content=\"Est. reading time\" \/>\n\t<meta name=\"twitter:data1\" content=\"3 minutes\" \/>\n<script type=\"application\/ld+json\" class=\"yoast-schema-graph\">{\"@context\":\"https:\/\/schema.org\",\"@graph\":[{\"@type\":\"WebPage\",\"@id\":\"https:\/\/weingut-ehrhart.de\/en\/gutsweine-2\/\",\"url\":\"https:\/\/weingut-ehrhart.de\/en\/gutsweine-2\/\",\"name\":\"Estate wines &bull; Bioweingut Ehrhart\",\"isPartOf\":{\"@id\":\"https:\/\/weingut-ehrhart.de\/#website\"},\"datePublished\":\"2018-01-27T22:52:43+00:00\",\"dateModified\":\"2021-03-12T21:00:45+00:00\",\"description\":\"Unkomplizierte, jugendliche Weine mit sofortiger Trinkreife. Sortentypischer Ausbau mit hohem Trinkfluss stehen hier im Vordergrund.\",\"breadcrumb\":{\"@id\":\"https:\/\/weingut-ehrhart.de\/en\/gutsweine-2\/#breadcrumb\"},\"inLanguage\":\"en-US\",\"potentialAction\":[{\"@type\":\"ReadAction\",\"target\":[\"https:\/\/weingut-ehrhart.de\/en\/gutsweine-2\/\"]}]},{\"@type\":\"BreadcrumbList\",\"@id\":\"https:\/\/weingut-ehrhart.de\/en\/gutsweine-2\/#breadcrumb\",\"itemListElement\":[{\"@type\":\"ListItem\",\"position\":1,\"name\":\"Startseite\",\"item\":\"https:\/\/weingut-ehrhart.de\/en\/\"},{\"@type\":\"ListItem\",\"position\":2,\"name\":\"Estate wines\"}]},{\"@type\":\"WebSite\",\"@id\":\"https:\/\/weingut-ehrhart.de\/#website\",\"url\":\"https:\/\/weingut-ehrhart.de\/\",\"name\":\"Bioweingut Ehrhart\",\"description\":\"\",\"potentialAction\":[{\"@type\":\"SearchAction\",\"target\":{\"@type\":\"EntryPoint\",\"urlTemplate\":\"https:\/\/weingut-ehrhart.de\/?s={search_term_string}\"},\"query-input\":\"required name=search_term_string\"}],\"inLanguage\":\"en-US\"}]}<\/script>\n<!-- \/ Yoast SEO plugin. -->","yoast_head_json":{"title":"Estate wines &bull; Bioweingut Ehrhart","description":"Unkomplizierte, jugendliche Weine mit sofortiger Trinkreife. Sortentypischer Ausbau mit hohem Trinkfluss stehen hier im Vordergrund.","robots":{"index":"index","follow":"follow","max-snippet":"max-snippet:-1","max-image-preview":"max-image-preview:large","max-video-preview":"max-video-preview:-1"},"canonical":"https:\/\/weingut-ehrhart.de\/en\/gutsweine-2\/","og_locale":"en_US","og_type":"article","og_title":"Estate wines &bull; Bioweingut Ehrhart","og_description":"Unkomplizierte, jugendliche Weine mit sofortiger Trinkreife. Sortentypischer Ausbau mit hohem Trinkfluss stehen hier im Vordergrund.","og_url":"https:\/\/weingut-ehrhart.de\/en\/gutsweine-2\/","og_site_name":"Bioweingut Ehrhart","article_modified_time":"2021-03-12T21:00:45+00:00","og_image":[{"width":1920,"height":430,"url":"https:\/\/weingut-ehrhart.de\/wp-content\/uploads\/2018\/01\/header_philosophie_1920_IMG_9502_Ehrhart.jpg","type":"image\/jpeg"}],"twitter_card":"summary_large_image","twitter_misc":{"Est. reading time":"3 minutes"},"schema":{"@context":"https:\/\/schema.org","@graph":[{"@type":"WebPage","@id":"https:\/\/weingut-ehrhart.de\/en\/gutsweine-2\/","url":"https:\/\/weingut-ehrhart.de\/en\/gutsweine-2\/","name":"Estate wines &bull; Bioweingut Ehrhart","isPartOf":{"@id":"https:\/\/weingut-ehrhart.de\/#website"},"datePublished":"2018-01-27T22:52:43+00:00","dateModified":"2021-03-12T21:00:45+00:00","description":"Unkomplizierte, jugendliche Weine mit sofortiger Trinkreife. Sortentypischer Ausbau mit hohem Trinkfluss stehen hier im Vordergrund.","breadcrumb":{"@id":"https:\/\/weingut-ehrhart.de\/en\/gutsweine-2\/#breadcrumb"},"inLanguage":"en-US","potentialAction":[{"@type":"ReadAction","target":["https:\/\/weingut-ehrhart.de\/en\/gutsweine-2\/"]}]},{"@type":"BreadcrumbList","@id":"https:\/\/weingut-ehrhart.de\/en\/gutsweine-2\/#breadcrumb","itemListElement":[{"@type":"ListItem","position":1,"name":"Startseite","item":"https:\/\/weingut-ehrhart.de\/en\/"},{"@type":"ListItem","position":2,"name":"Estate wines"}]},{"@type":"WebSite","@id":"https:\/\/weingut-ehrhart.de\/#website","url":"https:\/\/weingut-ehrhart.de\/","name":"Bioweingut Ehrhart","description":"","potentialAction":[{"@type":"SearchAction","target":{"@type":"EntryPoint","urlTemplate":"https:\/\/weingut-ehrhart.de\/?s={search_term_string}"},"query-input":"required name=search_term_string"}],"inLanguage":"en-US"}]}},"_links":{"self":[{"href":"https:\/\/weingut-ehrhart.de\/en\/wp-json\/wp\/v2\/pages\/1545"}],"collection":[{"href":"https:\/\/weingut-ehrhart.de\/en\/wp-json\/wp\/v2\/pages"}],"about":[{"href":"https:\/\/weingut-ehrhart.de\/en\/wp-json\/wp\/v2\/types\/page"}],"author":[{"embeddable":true,"href":"https:\/\/weingut-ehrhart.de\/en\/wp-json\/wp\/v2\/users\/1"}],"replies":[{"embeddable":true,"href":"https:\/\/weingut-ehrhart.de\/en\/wp-json\/wp\/v2\/comments?post=1545"}],"version-history":[{"count":6,"href":"https:\/\/weingut-ehrhart.de\/en\/wp-json\/wp\/v2\/pages\/1545\/revisions"}],"predecessor-version":[{"id":2187,"href":"https:\/\/weingut-ehrhart.de\/en\/wp-json\/wp\/v2\/pages\/1545\/revisions\/2187"}],"wp:featuredmedia":[{"embeddable":true,"href":"https:\/\/weingut-ehrhart.de\/en\/wp-json\/wp\/v2\/media\/741"}],"wp:attachment":[{"href":"https:\/\/weingut-ehrhart.de\/en\/wp-json\/wp\/v2\/media?parent=1545"}],"curies":[{"name":"wp","href":"https:\/\/api.w.org\/{rel}","templated":true}]}}