{"id":1533,"date":"2016-05-06T14:46:37","date_gmt":"2016-05-06T14:46:37","guid":{"rendered":"http:\/\/weingut-ehrhart.de\/unsereweine\/"},"modified":"2021-03-12T22:07:46","modified_gmt":"2021-03-12T21:07:46","slug":"unsereweine","status":"publish","type":"page","link":"https:\/\/weingut-ehrhart.de\/en\/unsereweine\/","title":{"rendered":"Wines"},"content":{"rendered":"<p>[vc_row][vc_column]<div class=\"sc_section section_style_underline aligncenter\"><div class=\"sc_section_inner\"><h6 class=\"sc_section_subtitle sc_item_subtitle\">EHRHART WINES<\/h6><h3 class=\"sc_section_title sc_item_title\">What sets our wines apart<\/h3><div class=\"sc_section_descr sc_item_descr\">The Ehrhart winery has three quality grades for you to choose from: our estate wines are young, typical for the variety, and mature quickly \u2013 perfect and uncomplicated for every day. Local wines are aged to become precise, fine and fruity varietals or cuv\u00e9e wines. Our top products, the single site wines, offer something truly special. Leinsweiler Sonnenberg Riesling, Pinot Noir or Pinot Blanc and Cuv\u00e9e Bergwingert are precise in flavour, depth and origin. What qualities are you looking for in a wine? That\u2019s what we\u2019d like to know.<\/div><div class=\"sc_section_content_wrap\"><\/div><\/div><\/div>[vc_single_image image=&#8221;1327&#8243; img_size=&#8221;large&#8221; alignment=&#8221;center&#8221;]<a href=\"https:\/\/weingut-ehrhart.de\/wp-content\/uploads\/2020\/11\/Weinliste_2026-01.pdf\" class=\"sc_button sc_button_square sc_button_style_filled sc_button_size_large aligncenter\" style=\"color:#ffffff;\">TO THE ORDER FORM<\/a>[vc_empty_space height=&#8221;70px&#8221;][\/vc_column][\/vc_row][vc_row][vc_column]<div class=\"sc_promo margin_bottom_null sc_promo_size_large\"><div class=\"sc_promo_inner\"><div class=\"sc_promo_image\" style=\"background-image:url(https:\/\/weingut-ehrhart.de\/wp-content\/uploads\/2018\/01\/IMG_4072Ehrhartkleinehrhartbearb.jpg);width:50%;left: 0;\"><\/div><div class=\"sc_promo_block sc_align_center\" style=\"width: 50%; float: right;\"><div class=\"sc_promo_block_inner\"><div class=\"sc_promo_content\"><div id=\"sc_services_1008740462_wrap\" class=\"sc_services_wrap\"><div id=\"sc_services_1008740462\" class=\"sc_services sc_services_style_services-1 sc_services_type_icons  margin_top_null slyle_serv_minimal aligncenter\" style=\"width:100%;\">\t\t\t<div id=\"sc_services_1008740462_1\"\t\t\t\tclass=\"sc_services_item sc_services_item_1 odd first\"\n\t\t\t\t>\n\t\t\t\t<a href=\"https:\/\/weingut-ehrhart.de\/en\/services\/servicegutsweine\/\"><span class=\"sc_icon icon-icon2\"><\/span><\/a>\t\t\t\t<div class=\"sc_services_item_content\">\n\t\t\t\t\t<h6 class=\"sc_services_item_title\"><a href=\"https:\/\/weingut-ehrhart.de\/en\/services\/servicegutsweine\/\">Estate wines<\/a><\/h6>\n\t\t\t\t\t<div class=\"sc_services_item_description\">\n\t\t\t\t\t\t<p>Uncomplicated young wines that mature quickly. They have a pleasant finish and are typical for the variety.<\/p><a href=\"https:\/\/weingut-ehrhart.de\/en\/services\/servicegutsweine\/\" class=\"sc_button sc_button_square sc_button_style_filled sc_button_size_small\">Learn more<\/a>\t\t\t\t\t<\/div>\n\t\t\t\t<\/div>\n\t\t\t<\/div>\n\t\t<div class=\"sc_services_button sc_item_button\"><a href=\"\/ehrhart\/gutsweine\/\" class=\"sc_button sc_button_square sc_button_style_filled sc_button_size_small\">To the wines<\/a><\/div><\/div><!-- \/.sc_services --><\/div><!-- \/.sc_services_wrap --><\/div><\/div><\/div><\/div><\/div>[\/vc_column][\/vc_row][vc_row][vc_column]<div class=\"sc_promo sc_promo_size_large\"><div class=\"sc_promo_inner\"><div class=\"sc_promo_image\" style=\"background-image:url(https:\/\/weingut-ehrhart.de\/wp-content\/uploads\/2018\/02\/Sp\u00e4tbg_G\u00f6ckl.-in-Box.jpg);width:50%;right: 0;\"><\/div><div class=\"sc_promo_block sc_align_center\" style=\"width: 50%; float: left;\"><div class=\"sc_promo_block_inner\"><div class=\"sc_promo_content\"><div id=\"sc_services_561267421_wrap\" class=\"sc_services_wrap\"><div id=\"sc_services_561267421\" class=\"sc_services sc_services_style_services-1 sc_services_type_icons  margin_top_null slyle_serv_minimal aligncenter\" style=\"width:100%;\">\t\t\t<div id=\"sc_services_561267421_1\"\t\t\t\tclass=\"sc_services_item sc_services_item_1 odd first\"\n\t\t\t\t>\n\t\t\t\t<a href=\"https:\/\/weingut-ehrhart.de\/en\/services\/ortsweine\/\"><span class=\"sc_icon icon-icon2\"><\/span><\/a>\t\t\t\t<div class=\"sc_services_item_content\">\n\t\t\t\t\t<h6 class=\"sc_services_item_title\"><a href=\"https:\/\/weingut-ehrhart.de\/en\/services\/ortsweine\/\">Local wines<\/a><\/h6>\n\t\t\t\t\t<div class=\"sc_services_item_description\">\n\t\t\t\t\t\t<p>Local wines come from high quality traditional vineyards in the districts of Eschbach, G\u00f6cklingen, Ilbesheim and Leinsweiler. They can usually be enjoyed right after purchase, but often reveal their true potential after two to three years.<\/p><a href=\"https:\/\/weingut-ehrhart.de\/en\/services\/ortsweine\/\" class=\"sc_button sc_button_square sc_button_style_filled sc_button_size_small\">Learn more<\/a>\t\t\t\t\t<\/div>\n\t\t\t\t<\/div>\n\t\t\t<\/div>\n\t\t<div class=\"sc_services_button sc_item_button\"><a href=\"\/ortsweine\/\" class=\"sc_button sc_button_square sc_button_style_filled sc_button_size_small\">To the wines<\/a><\/div><\/div><!-- \/.sc_services --><\/div><!-- \/.sc_services_wrap --><\/div><\/div><\/div><\/div><\/div>[\/vc_column][\/vc_row][vc_row][vc_column]<div class=\"sc_promo sc_promo_size_large\"><div class=\"sc_promo_inner\"><div class=\"sc_promo_image\" style=\"background-image:url(https:\/\/weingut-ehrhart.de\/wp-content\/uploads\/2018\/02\/G\u00f6ckl.-Sp\u00e4tbg.Flaschen.jpg);width:50%;left: 0;\"><\/div><div class=\"sc_promo_block sc_align_center\" style=\"width: 50%; float: right;\"><div class=\"sc_promo_block_inner\"><div class=\"sc_promo_content\"><div id=\"sc_services_1632425542_wrap\" class=\"sc_services_wrap\"><div id=\"sc_services_1632425542\" class=\"sc_services sc_services_style_services-1 sc_services_type_icons  margin_top_null slyle_serv_minimal aligncenter\" style=\"width:100%;\">\t\t\t<div id=\"sc_services_1632425542_1\"\t\t\t\tclass=\"sc_services_item sc_services_item_1 odd first\"\n\t\t\t\t>\n\t\t\t\t<a href=\"https:\/\/weingut-ehrhart.de\/en\/services\/servicelagenweine\/\"><span class=\"sc_icon icon-icon2\"><\/span><\/a>\t\t\t\t<div class=\"sc_services_item_content\">\n\t\t\t\t\t<h6 class=\"sc_services_item_title\"><a href=\"https:\/\/weingut-ehrhart.de\/en\/services\/servicelagenweine\/\">Single site wines<\/a><\/h6>\n\t\t\t\t\t<div class=\"sc_services_item_description\">\n\t\t\t\t\t\t<p>The term single site wines refers to wines from the highest quality German vineyards. Our best site is Leinsweiler Sonneberg with its mineral-rich red standstone in the east and loess-streaked limestone in the south, followed by Ilbesheimer Rittersberg, where the soil has a high loess content. The wines in this category are without a doubt the best ones produced...<\/p><a href=\"https:\/\/weingut-ehrhart.de\/en\/services\/servicelagenweine\/\" class=\"sc_button sc_button_square sc_button_style_filled sc_button_size_small\">Learn more<\/a>\t\t\t\t\t<\/div>\n\t\t\t\t<\/div>\n\t\t\t<\/div>\n\t\t<div class=\"sc_services_button sc_item_button\"><a href=\"\/ehrhart\/lagenweine\/\" class=\"sc_button sc_button_square sc_button_style_filled sc_button_size_small\">To the wines<\/a><\/div><\/div><!-- \/.sc_services --><\/div><!-- \/.sc_services_wrap --><\/div><\/div><\/div><\/div><\/div>[\/vc_column][\/vc_row][vc_row][vc_column]<div class=\"sc_promo margin_bottom_huge sc_promo_size_large\"><div class=\"sc_promo_inner\"><div class=\"sc_promo_image\" style=\"background-image:url(https:\/\/weingut-ehrhart.de\/wp-content\/uploads\/2018\/01\/21740286_901960139968863_5333371369607855289_n.jpg);width:50%;right: 0;\"><\/div><div class=\"sc_promo_block sc_align_center\" style=\"width: 50%; float: left;\"><div class=\"sc_promo_block_inner\"><div class=\"sc_promo_content\"><div id=\"sc_services_1580636016_wrap\" class=\"sc_services_wrap\"><div id=\"sc_services_1580636016\" class=\"sc_services sc_services_style_services-1 sc_services_type_icons  margin_top_null slyle_serv_minimal aligncenter\" style=\"width:100%;\">\t\t\t<div id=\"sc_services_1580636016_1\"\t\t\t\tclass=\"sc_services_item sc_services_item_1 odd first\"\n\t\t\t\t>\n\t\t\t\t<a href=\"https:\/\/weingut-ehrhart.de\/en\/services\/perlweine-und-weiteres\/\"><span class=\"sc_icon icon-icon2\"><\/span><\/a>\t\t\t\t<div class=\"sc_services_item_content\">\n\t\t\t\t\t<h6 class=\"sc_services_item_title\"><a href=\"https:\/\/weingut-ehrhart.de\/en\/services\/perlweine-und-weiteres\/\">Sparkling wine and other products<\/a><\/h6>\n\t\t\t\t\t<div class=\"sc_services_item_description\">\n\t\t\t\t\t\t<p>Our lively sparkling wines and other products<\/p><a href=\"https:\/\/weingut-ehrhart.de\/en\/services\/perlweine-und-weiteres\/\" class=\"sc_button sc_button_square sc_button_style_filled sc_button_size_small\">Learn more<\/a>\t\t\t\t\t<\/div>\n\t\t\t\t<\/div>\n\t\t\t<\/div>\n\t\t<div class=\"sc_services_button sc_item_button\"><a href=\"\/ehrhart\/weitereweine\/\" class=\"sc_button sc_button_square sc_button_style_filled sc_button_size_small\">To the wines<\/a><\/div><\/div><!-- \/.sc_services --><\/div><!-- \/.sc_services_wrap --><\/div><\/div><\/div><\/div><\/div>[\/vc_column][\/vc_row][vc_row][vc_column][vc_empty_space height=&#8221;50px&#8221;][\/vc_column][\/vc_row]<\/p>\n","protected":false},"excerpt":{"rendered":"<p>[vc_row][vc_column][vc_single_image image=&#8221;1327&#8243; img_size=&#8221;large&#8221; alignment=&#8221;center&#8221;][vc_empty_space height=&#8221;70px&#8221;][\/vc_column][\/vc_row][vc_row][vc_column][\/vc_column][\/vc_row][vc_row][vc_column][\/vc_column][\/vc_row][vc_row][vc_column][\/vc_column][\/vc_row][vc_row][vc_column][\/vc_column][\/vc_row][vc_row][vc_column][vc_empty_space height=&#8221;50px&#8221;][\/vc_column][\/vc_row]<\/p>\n","protected":false},"author":1,"featured_media":1279,"parent":0,"menu_order":0,"comment_status":"closed","ping_status":"closed","template":"","meta":[],"yoast_head":"<!-- This site is optimized with the Yoast SEO plugin v19.7.2 - https:\/\/yoast.com\/wordpress\/plugins\/seo\/ -->\n<title>Wines &bull; Bioweingut Ehrhart<\/title>\n<meta name=\"description\" content=\"W\u00e4hlen Sie Ihren Wein vom Weingut Ehrhart aus drei Qualit\u00e4tsstufen: Jugendlich, sortentypisch im Ausbau und sofort trinkreif sind unsere Gutsweine \u2013 perfekt und unkompliziert f\u00fcr jeden Tag. Ortsweine zeichnen sich durch ihren pr\u00e4zisen, feinfruchtigen Ausbau als Rebsortenwein oder Cuv\u00e9e aus.\" \/>\n<meta name=\"robots\" content=\"index, follow, max-snippet:-1, max-image-preview:large, max-video-preview:-1\" \/>\n<link rel=\"canonical\" href=\"https:\/\/weingut-ehrhart.de\/en\/unsereweine\/\" \/>\n<meta property=\"og:locale\" content=\"en_US\" \/>\n<meta property=\"og:type\" content=\"article\" \/>\n<meta property=\"og:title\" content=\"Wines &bull; Bioweingut Ehrhart\" \/>\n<meta property=\"og:description\" content=\"W\u00e4hlen Sie Ihren Wein vom Weingut Ehrhart aus drei Qualit\u00e4tsstufen: Jugendlich, sortentypisch im Ausbau und sofort trinkreif sind unsere Gutsweine \u2013 perfekt und unkompliziert f\u00fcr jeden Tag. Ortsweine zeichnen sich durch ihren pr\u00e4zisen, feinfruchtigen Ausbau als Rebsortenwein oder Cuv\u00e9e aus.\" \/>\n<meta property=\"og:url\" content=\"https:\/\/weingut-ehrhart.de\/en\/unsereweine\/\" \/>\n<meta property=\"og:site_name\" content=\"Bioweingut Ehrhart\" \/>\n<meta property=\"article:modified_time\" content=\"2021-03-12T21:07:46+00:00\" \/>\n<meta property=\"og:image\" content=\"https:\/\/weingut-ehrhart.de\/wp-content\/uploads\/2018\/02\/IMG_932_008_C000-1024x684.jpg\" \/>\n\t<meta property=\"og:image:width\" content=\"1024\" \/>\n\t<meta property=\"og:image:height\" content=\"684\" \/>\n\t<meta property=\"og:image:type\" content=\"image\/jpeg\" \/>\n<meta name=\"twitter:card\" content=\"summary_large_image\" \/>\n<meta name=\"twitter:label1\" content=\"Est. reading time\" \/>\n\t<meta name=\"twitter:data1\" content=\"1 minute\" \/>\n<script type=\"application\/ld+json\" class=\"yoast-schema-graph\">{\"@context\":\"https:\/\/schema.org\",\"@graph\":[{\"@type\":\"WebPage\",\"@id\":\"https:\/\/weingut-ehrhart.de\/en\/unsereweine\/\",\"url\":\"https:\/\/weingut-ehrhart.de\/en\/unsereweine\/\",\"name\":\"Wines &bull; Bioweingut Ehrhart\",\"isPartOf\":{\"@id\":\"https:\/\/weingut-ehrhart.de\/#website\"},\"datePublished\":\"2016-05-06T14:46:37+00:00\",\"dateModified\":\"2021-03-12T21:07:46+00:00\",\"description\":\"W\u00e4hlen Sie Ihren Wein vom Weingut Ehrhart aus drei Qualit\u00e4tsstufen: Jugendlich, sortentypisch im Ausbau und sofort trinkreif sind unsere Gutsweine \u2013 perfekt und unkompliziert f\u00fcr jeden Tag. Ortsweine zeichnen sich durch ihren pr\u00e4zisen, feinfruchtigen Ausbau als Rebsortenwein oder Cuv\u00e9e aus.\",\"breadcrumb\":{\"@id\":\"https:\/\/weingut-ehrhart.de\/en\/unsereweine\/#breadcrumb\"},\"inLanguage\":\"en-US\",\"potentialAction\":[{\"@type\":\"ReadAction\",\"target\":[\"https:\/\/weingut-ehrhart.de\/en\/unsereweine\/\"]}]},{\"@type\":\"BreadcrumbList\",\"@id\":\"https:\/\/weingut-ehrhart.de\/en\/unsereweine\/#breadcrumb\",\"itemListElement\":[{\"@type\":\"ListItem\",\"position\":1,\"name\":\"Startseite\",\"item\":\"https:\/\/weingut-ehrhart.de\/en\/\"},{\"@type\":\"ListItem\",\"position\":2,\"name\":\"Wines\"}]},{\"@type\":\"WebSite\",\"@id\":\"https:\/\/weingut-ehrhart.de\/#website\",\"url\":\"https:\/\/weingut-ehrhart.de\/\",\"name\":\"Bioweingut Ehrhart\",\"description\":\"\",\"potentialAction\":[{\"@type\":\"SearchAction\",\"target\":{\"@type\":\"EntryPoint\",\"urlTemplate\":\"https:\/\/weingut-ehrhart.de\/?s={search_term_string}\"},\"query-input\":\"required name=search_term_string\"}],\"inLanguage\":\"en-US\"}]}<\/script>\n<!-- \/ Yoast SEO plugin. -->","yoast_head_json":{"title":"Wines &bull; Bioweingut Ehrhart","description":"W\u00e4hlen Sie Ihren Wein vom Weingut Ehrhart aus drei Qualit\u00e4tsstufen: Jugendlich, sortentypisch im Ausbau und sofort trinkreif sind unsere Gutsweine \u2013 perfekt und unkompliziert f\u00fcr jeden Tag. Ortsweine zeichnen sich durch ihren pr\u00e4zisen, feinfruchtigen Ausbau als Rebsortenwein oder Cuv\u00e9e aus.","robots":{"index":"index","follow":"follow","max-snippet":"max-snippet:-1","max-image-preview":"max-image-preview:large","max-video-preview":"max-video-preview:-1"},"canonical":"https:\/\/weingut-ehrhart.de\/en\/unsereweine\/","og_locale":"en_US","og_type":"article","og_title":"Wines &bull; Bioweingut Ehrhart","og_description":"W\u00e4hlen Sie Ihren Wein vom Weingut Ehrhart aus drei Qualit\u00e4tsstufen: Jugendlich, sortentypisch im Ausbau und sofort trinkreif sind unsere Gutsweine \u2013 perfekt und unkompliziert f\u00fcr jeden Tag. Ortsweine zeichnen sich durch ihren pr\u00e4zisen, feinfruchtigen Ausbau als Rebsortenwein oder Cuv\u00e9e aus.","og_url":"https:\/\/weingut-ehrhart.de\/en\/unsereweine\/","og_site_name":"Bioweingut Ehrhart","article_modified_time":"2021-03-12T21:07:46+00:00","og_image":[{"width":1024,"height":684,"url":"https:\/\/weingut-ehrhart.de\/wp-content\/uploads\/2018\/02\/IMG_932_008_C000-1024x684.jpg","type":"image\/jpeg"}],"twitter_card":"summary_large_image","twitter_misc":{"Est. reading time":"1 minute"},"schema":{"@context":"https:\/\/schema.org","@graph":[{"@type":"WebPage","@id":"https:\/\/weingut-ehrhart.de\/en\/unsereweine\/","url":"https:\/\/weingut-ehrhart.de\/en\/unsereweine\/","name":"Wines &bull; Bioweingut Ehrhart","isPartOf":{"@id":"https:\/\/weingut-ehrhart.de\/#website"},"datePublished":"2016-05-06T14:46:37+00:00","dateModified":"2021-03-12T21:07:46+00:00","description":"W\u00e4hlen Sie Ihren Wein vom Weingut Ehrhart aus drei Qualit\u00e4tsstufen: Jugendlich, sortentypisch im Ausbau und sofort trinkreif sind unsere Gutsweine \u2013 perfekt und unkompliziert f\u00fcr jeden Tag. Ortsweine zeichnen sich durch ihren pr\u00e4zisen, feinfruchtigen Ausbau als Rebsortenwein oder Cuv\u00e9e aus.","breadcrumb":{"@id":"https:\/\/weingut-ehrhart.de\/en\/unsereweine\/#breadcrumb"},"inLanguage":"en-US","potentialAction":[{"@type":"ReadAction","target":["https:\/\/weingut-ehrhart.de\/en\/unsereweine\/"]}]},{"@type":"BreadcrumbList","@id":"https:\/\/weingut-ehrhart.de\/en\/unsereweine\/#breadcrumb","itemListElement":[{"@type":"ListItem","position":1,"name":"Startseite","item":"https:\/\/weingut-ehrhart.de\/en\/"},{"@type":"ListItem","position":2,"name":"Wines"}]},{"@type":"WebSite","@id":"https:\/\/weingut-ehrhart.de\/#website","url":"https:\/\/weingut-ehrhart.de\/","name":"Bioweingut Ehrhart","description":"","potentialAction":[{"@type":"SearchAction","target":{"@type":"EntryPoint","urlTemplate":"https:\/\/weingut-ehrhart.de\/?s={search_term_string}"},"query-input":"required name=search_term_string"}],"inLanguage":"en-US"}]}},"_links":{"self":[{"href":"https:\/\/weingut-ehrhart.de\/en\/wp-json\/wp\/v2\/pages\/1533"}],"collection":[{"href":"https:\/\/weingut-ehrhart.de\/en\/wp-json\/wp\/v2\/pages"}],"about":[{"href":"https:\/\/weingut-ehrhart.de\/en\/wp-json\/wp\/v2\/types\/page"}],"author":[{"embeddable":true,"href":"https:\/\/weingut-ehrhart.de\/en\/wp-json\/wp\/v2\/users\/1"}],"replies":[{"embeddable":true,"href":"https:\/\/weingut-ehrhart.de\/en\/wp-json\/wp\/v2\/comments?post=1533"}],"version-history":[{"count":6,"href":"https:\/\/weingut-ehrhart.de\/en\/wp-json\/wp\/v2\/pages\/1533\/revisions"}],"predecessor-version":[{"id":2194,"href":"https:\/\/weingut-ehrhart.de\/en\/wp-json\/wp\/v2\/pages\/1533\/revisions\/2194"}],"wp:featuredmedia":[{"embeddable":true,"href":"https:\/\/weingut-ehrhart.de\/en\/wp-json\/wp\/v2\/media\/1279"}],"wp:attachment":[{"href":"https:\/\/weingut-ehrhart.de\/en\/wp-json\/wp\/v2\/media?parent=1533"}],"curies":[{"name":"wp","href":"https:\/\/api.w.org\/{rel}","templated":true}]}}